{"id":1008,"date":"2022-05-03T18:00:08","date_gmt":"2022-05-03T18:00:08","guid":{"rendered":"https:\/\/bioeconomyinnovation.com\/index.php\/clase-5\/"},"modified":"2022-05-04T16:56:51","modified_gmt":"2022-05-04T16:56:51","slug":"clase-5","status":"publish","type":"page","link":"https:\/\/bioeconomyinnovation.com\/index.php\/clase-5\/","title":{"rendered":"Clase 5"},"content":{"rendered":"<div class=\"jp-Cell-inputWrapper\">\n<div class=\"jp-InputArea jp-Cell-inputArea\">\n<div class=\"jp-RenderedHTMLCommon jp-RenderedMarkdown jp-MarkdownOutput \" data-mime-type=\"text\/markdown\">\n<h2 id=\"Ejercio-prueba-parte-1\">Ejercio prueba parte 1<\/h2>\n<p>En este clase no se aterrizar\u00e1 alg\u00fan tema nuevo, para esta clase se har\u00e1 un ejercio prueba, ser\u00e1 2 partes de esta.<\/p>\n<p>Para esta clase se ocupar\u00e1 hacer la prueba 1, si se fueron resololviendo todos los ejercios por tu cuenta se resolver\u00e1 de manera sencilla:<\/p>\n<ul>\n<li><strong>EJERCICIO PRUEBA: Factura de productos<\/strong><\/li>\n<\/ul>\n<p>Realizar un programa que nos cobre lo de una lista de productos que a continuaci\u00f3n se le proporcionar\u00e1. Al momento de cobrar debe de preguntaer si el pago es con visa o efectivo:<\/p>\n<p>Si el pago es con visa, debe de pedir los siguientes datos:<\/p>\n<ul>\n<li>Nombre<\/li>\n<li>N\u00famero de tarjeta<\/li>\n<\/ul>\n<p>Ya que pag\u00f3, debe de entregar el n\u00famero de factura (AZAR)<\/p>\n<p>Si el pago es con efectivo:<\/p>\n<ul>\n<li>Decir cuanto dinero se recibi\u00f3<\/li>\n<li>Imprimer cuanto es el cambio<\/li>\n<li>Si falta dinero decirlo y hasta que se ingrese el dinero completo regresar cambio y n\u00famero de factura<\/li>\n<\/ul>\n<p>El la lista de productos es el siguiente:<\/p>\n<\/div>\n<\/div>\n<\/div>\n<div class=\"jp-Cell jp-CodeCell jp-Notebook-cell jp-mod-noOutputs  \">\n<div class=\"jp-Cell-inputWrapper\">\n<div class=\"jp-Collapser jp-InputCollapser jp-Cell-inputCollapser\"><\/div>\n<div class=\"jp-InputArea jp-Cell-inputArea\">\n<div class=\"jp-InputPrompt jp-InputArea-prompt\">In\u00a0[\u00a0]:<\/div>\n<div class=\"jp-CodeMirrorEditor jp-Editor jp-InputArea-editor\" data-type=\"inline\">\n<div class=\"CodeMirror cm-s-jupyter\">\n<div class=\" highlight hl-ipython3\">\n<pre> <span class=\"s2\">\"\"\" FACTURA DE LA FRUTILLA DE ORO<\/span>\n\n<span class=\"s2\">Estimado cliente su pedido es el siguiente:<\/span>\n<span class=\"s2\">Item                   ---- Cantidad<\/span>\n<span class=\"s2\">licuado Fresa explosiva          1<\/span>\n<span class=\"s2\">Locudoa Morada                   2<\/span>\n<span class=\"s2\">pastel                           3<\/span>\n\n<span class=\"s2\">Total a pagar                   $32<\/span>\n\n<span class=\"s2\">Pagar con visa (V) o en efectivo (E)?:<\/span>\n<\/pre>\n<\/div>\n<\/div>\n<\/div>\n<\/div>\n<\/div>\n<\/div>\n","protected":false},"excerpt":{"rendered":"<p>Ejercio prueba parte 1 En este clase no se aterrizar\u00e1 alg\u00fan tema nuevo, para esta&#8230;<\/p>\n","protected":false},"author":2,"featured_media":0,"parent":0,"menu_order":0,"comment_status":"closed","ping_status":"closed","template":"","meta":{"footnotes":""},"_links":{"self":[{"href":"https:\/\/bioeconomyinnovation.com\/index.php\/wp-json\/wp\/v2\/pages\/1008"}],"collection":[{"href":"https:\/\/bioeconomyinnovation.com\/index.php\/wp-json\/wp\/v2\/pages"}],"about":[{"href":"https:\/\/bioeconomyinnovation.com\/index.php\/wp-json\/wp\/v2\/types\/page"}],"author":[{"embeddable":true,"href":"https:\/\/bioeconomyinnovation.com\/index.php\/wp-json\/wp\/v2\/users\/2"}],"replies":[{"embeddable":true,"href":"https:\/\/bioeconomyinnovation.com\/index.php\/wp-json\/wp\/v2\/comments?post=1008"}],"version-history":[{"count":2,"href":"https:\/\/bioeconomyinnovation.com\/index.php\/wp-json\/wp\/v2\/pages\/1008\/revisions"}],"predecessor-version":[{"id":1013,"href":"https:\/\/bioeconomyinnovation.com\/index.php\/wp-json\/wp\/v2\/pages\/1008\/revisions\/1013"}],"wp:attachment":[{"href":"https:\/\/bioeconomyinnovation.com\/index.php\/wp-json\/wp\/v2\/media?parent=1008"}],"curies":[{"name":"wp","href":"https:\/\/api.w.org\/{rel}","templated":true}]}}