{"id":1057,"date":"2022-05-03T18:17:26","date_gmt":"2022-05-03T18:17:26","guid":{"rendered":"https:\/\/bioeconomyinnovation.com\/index.php\/clase-8\/"},"modified":"2024-09-07T00:35:04","modified_gmt":"2024-09-07T00:35:04","slug":"clase-8","status":"publish","type":"page","link":"https:\/\/bioeconomyinnovation.com\/index.php\/clase-8\/","title":{"rendered":"Clase 8"},"content":{"rendered":"\t\t<div data-elementor-type=\"wp-page\" data-elementor-id=\"1057\" class=\"elementor elementor-1057\">\n\t\t\t\t\t\t<section class=\"elementor-section elementor-top-section elementor-element elementor-element-651dff88 elementor-section-boxed elementor-section-height-default elementor-section-height-default\" data-id=\"651dff88\" data-element_type=\"section\">\n\t\t\t\t\t\t<div class=\"elementor-container elementor-column-gap-default\">\n\t\t\t\t\t<div class=\"elementor-column elementor-col-100 elementor-top-column elementor-element elementor-element-532cc2ba\" data-id=\"532cc2ba\" data-element_type=\"column\">\n\t\t\t<div class=\"elementor-widget-wrap elementor-element-populated\">\n\t\t\t\t\t\t<div class=\"elementor-element elementor-element-31a6da04 elementor-widget elementor-widget-text-editor\" data-id=\"31a6da04\" data-element_type=\"widget\" data-widget_type=\"text-editor.default\">\n\t\t\t\t<div class=\"elementor-widget-container\">\n\t\t\t\t\t\t\t\t\t<div class=\"jp-Cell-inputWrapper\"><div class=\"jp-InputArea jp-Cell-inputArea\"><div class=\"jp-RenderedHTMLCommon jp-RenderedMarkdown jp-MarkdownOutput \" data-mime-type=\"text\/markdown\"><h3 id=\"Despu%C3%A9s-de-haber-estudiado-los-comandos-b%C3%A1sicos-de-python,-las-estructuras-y-lo-escencial-para-poder-realizar-cualquier-c%C3%B3digo-de-programaci%C3%B3n,-como-consejo-para-todos-los-lectores,-es-que-antes-de-programar-es-entender-bien-el-problema-que-se-va-a-resolver-y-despu%C3%A9s-lo-pasamos-al-lenguaje-python.\">Despu\u00e9s de haber estudiado los comandos b\u00e1sicos de python, las estructuras y lo esencial para poder realizar cualquier c\u00f3digo de programaci\u00f3n, como consejo para todos los lectores, es que antes de programar es entender bien el problema que se va a resolver y despu\u00e9s lo pasamos al lenguaje python.<\/h3><h2 id=\"En-esta-lecci%C3%B3n-aprenderemos-a-usar-los-textos-enfocados-en-problemas-de-biolog%C3%ADa.\">En esta lecci\u00f3n aprenderemos a usar los textos enfocados en problemas de biolog\u00eda.<\/h2><\/div><\/div><\/div><div class=\"jp-Cell-inputWrapper\"><div class=\"jp-InputArea jp-Cell-inputArea\"><div class=\"jp-InputPrompt jp-InputArea-prompt\">\u00a0<\/div><div class=\"jp-RenderedHTMLCommon jp-RenderedMarkdown jp-MarkdownOutput \" data-mime-type=\"text\/markdown\"><p>La reproducci\u00f3n del genoma es una de las tareas m\u00e1s importantes antes de dividirse. Antes de que una C\u00e9lula de divida esta se reproduce, para que cada c\u00e9lula hija obtenga una copia de la informaci\u00f3n gen\u00e9tica. Como resultado se empieza con un par de cadenas complementarias de ADN y se termina con 2 pares complementarias.<\/p><\/div><\/div><\/div>\t\t\t\t\t\t\t\t<\/div>\n\t\t\t\t<\/div>\n\t\t\t\t\t<\/div>\n\t\t<\/div>\n\t\t\t\t\t<\/div>\n\t\t<\/section>\n\t\t\t\t<section class=\"elementor-section elementor-top-section elementor-element elementor-element-4d5878f elementor-section-boxed elementor-section-height-default elementor-section-height-default\" data-id=\"4d5878f\" data-element_type=\"section\">\n\t\t\t\t\t\t<div class=\"elementor-container elementor-column-gap-default\">\n\t\t\t\t\t<div class=\"elementor-column elementor-col-100 elementor-top-column elementor-element elementor-element-8e84b18\" data-id=\"8e84b18\" data-element_type=\"column\">\n\t\t\t<div class=\"elementor-widget-wrap elementor-element-populated\">\n\t\t\t\t\t\t<div class=\"elementor-element elementor-element-6115bf4 elementor-widget elementor-widget-image\" data-id=\"6115bf4\" data-element_type=\"widget\" data-widget_type=\"image.default\">\n\t\t\t\t<div class=\"elementor-widget-container\">\n\t\t\t\t\t\t\t\t\t\t\t\t\t\t\t<img decoding=\"async\" src=\"https:\/\/bioeconomyinnovation.com\/wp-content\/uploads\/elementor\/thumbs\/4-poa86tjm2hxba7tdrdqq83ps0k3gslkqn0flam1lfc.jpg\" title=\"DNA replication, illustration\" alt=\"DNA replication, illustration. Strand of DNA (deoxyribonucleic acid) splitting (centre left) and forming two identical copies (right). DNA consists of two strands (blue) of sugar phosphates forming a double helix (spiral). The two strands are held together by bonds between their nucleotide bases (coloured bars). There are four nucleotide bases, but they pair in only two combinations (here, pink-yellow and green-orange): guanine to cytosine, and thymine to adenine. Hence each DNA strand is a complementary copy of the other. As the original strand splits, this complementary base chemistry causes a reverse copy to assemble next to each half, reforming the original DNA strand. This is known as semi-conservative replication. The nucleotide base sequence is the genetic code. DNA, which is stored in cell nuclei, is the genetic material that controls the growth and development of all living organisms.\" loading=\"lazy\" \/>\t\t\t\t\t\t\t\t\t\t\t\t\t\t\t<\/div>\n\t\t\t\t<\/div>\n\t\t\t\t\t<\/div>\n\t\t<\/div>\n\t\t\t\t\t<\/div>\n\t\t<\/section>\n\t\t\t\t<section class=\"elementor-section elementor-top-section elementor-element elementor-element-83f7009 elementor-section-boxed elementor-section-height-default elementor-section-height-default\" data-id=\"83f7009\" data-element_type=\"section\">\n\t\t\t\t\t\t<div class=\"elementor-container elementor-column-gap-default\">\n\t\t\t\t\t<div class=\"elementor-column elementor-col-100 elementor-top-column elementor-element elementor-element-8a8c653\" data-id=\"8a8c653\" data-element_type=\"column\">\n\t\t\t<div class=\"elementor-widget-wrap elementor-element-populated\">\n\t\t\t\t\t\t<div class=\"elementor-element elementor-element-e124afd elementor-widget elementor-widget-text-editor\" data-id=\"e124afd\" data-element_type=\"widget\" data-widget_type=\"text-editor.default\">\n\t\t\t\t<div class=\"elementor-widget-container\">\n\t\t\t\t\t\t\t\t\t<p>Vamos a empezar por encontrar el ori de algunos genomas de bacterias, las cuales tienen cientos de nucle\u00f3tidos, el motivo de esto es econtrar el ori en algunas otras bacterias (Cabe resaltar que los ejemplos usados, son solo ejemplos y algunos pueden ser inventados, solo con el fin de practicar). El siguiente ejemplo es de la bacteria vibrio-cholerae, el tiene la siguiente secuencia de nucle\u00f3tidos:<\/p>\t\t\t\t\t\t\t\t<\/div>\n\t\t\t\t<\/div>\n\t\t\t\t\t<\/div>\n\t\t<\/div>\n\t\t\t\t\t<\/div>\n\t\t<\/section>\n\t\t\t\t<section class=\"elementor-section elementor-top-section elementor-element elementor-element-402d27a elementor-section-boxed elementor-section-height-default elementor-section-height-default\" data-id=\"402d27a\" data-element_type=\"section\">\n\t\t\t\t\t\t<div class=\"elementor-container elementor-column-gap-default\">\n\t\t\t\t\t<div class=\"elementor-column elementor-col-100 elementor-top-column elementor-element elementor-element-535f3a3\" data-id=\"535f3a3\" data-element_type=\"column\">\n\t\t\t<div class=\"elementor-widget-wrap elementor-element-populated\">\n\t\t\t\t\t\t<div class=\"elementor-element elementor-element-12e65c0 elementor-widget elementor-widget-image\" data-id=\"12e65c0\" data-element_type=\"widget\" data-widget_type=\"image.default\">\n\t\t\t\t<div class=\"elementor-widget-container\">\n\t\t\t\t\t\t\t\t\t\t\t\t\t\t\t<img fetchpriority=\"high\" decoding=\"async\" width=\"621\" height=\"265\" src=\"https:\/\/bioeconomyinnovation.com\/wp-content\/uploads\/2022\/05\/5.jpg\" class=\"attachment-large size-large wp-image-1085\" alt=\"\" srcset=\"https:\/\/bioeconomyinnovation.com\/wp-content\/uploads\/2022\/05\/5.jpg 621w, https:\/\/bioeconomyinnovation.com\/wp-content\/uploads\/2022\/05\/5-300x128.jpg 300w\" sizes=\"(max-width: 621px) 100vw, 621px\" \/>\t\t\t\t\t\t\t\t\t\t\t\t\t\t\t<\/div>\n\t\t\t\t<\/div>\n\t\t\t\t\t<\/div>\n\t\t<\/div>\n\t\t\t\t\t<\/div>\n\t\t<\/section>\n\t\t\t\t<section class=\"elementor-section elementor-top-section elementor-element elementor-element-85493b6 elementor-section-boxed elementor-section-height-default elementor-section-height-default\" data-id=\"85493b6\" data-element_type=\"section\">\n\t\t\t\t\t\t<div class=\"elementor-container elementor-column-gap-default\">\n\t\t\t\t\t<div class=\"elementor-column elementor-col-100 elementor-top-column elementor-element elementor-element-a9c90da\" data-id=\"a9c90da\" data-element_type=\"column\">\n\t\t\t<div class=\"elementor-widget-wrap elementor-element-populated\">\n\t\t\t\t\t\t<div class=\"elementor-element elementor-element-43db3ad elementor-widget elementor-widget-text-editor\" data-id=\"43db3ad\" data-element_type=\"widget\" data-widget_type=\"text-editor.default\">\n\t\t\t\t<div class=\"elementor-widget-container\">\n\t\t\t\t\t\t\t\t\t<div class=\"jp-Cell-inputWrapper\"><div class=\"jp-InputArea jp-Cell-inputArea\"><div class=\"jp-RenderedHTMLCommon jp-RenderedMarkdown jp-MarkdownOutput \" data-mime-type=\"text\/markdown\"><p>Dentro de esta secuencia de nucle\u00f3tidos, hay un patr\u00f3n qque es el que m\u00e1s se repite, lo llamremos K-mer. Con ayuda de la inform\u00e1tica y lo aprendido en python analizaremos la base de nucletidos para obtener cual es el patr\u00f3n que m\u00e1s se repite<\/p><\/div><\/div><\/div><div class=\"jp-Cell-inputWrapper\"><div class=\"jp-InputArea jp-Cell-inputArea\"><div class=\"jp-InputPrompt jp-InputArea-prompt\">\u00a0<\/div><div class=\"jp-RenderedHTMLCommon jp-RenderedMarkdown jp-MarkdownOutput \" data-mime-type=\"text\/markdown\"><p>Pot ejemplo, &#8220;ACTAT&#8221; es una cadene frecuente en:<\/p><p>ACA<strong>ACTAT<\/strong>GCAT<strong>ACTAT<\/strong>CGGGA<strong>ACTAT<\/strong>CCT<\/p><\/div><\/div><\/div><div class=\"jp-Cell-inputWrapper\"><div class=\"jp-InputArea jp-Cell-inputArea\"><div class=\"jp-InputPrompt jp-InputArea-prompt\">\u00a0<\/div><div class=\"jp-RenderedHTMLCommon jp-RenderedMarkdown jp-MarkdownOutput \" data-mime-type=\"text\/markdown\"><p>Para poder realizar est\u00e1 busqueda es necesario tener un contador, que en cada vuelta har\u00e1 un recorrido en las bases nitrogenadas dependiendo de cuantos caracteres tenga en patr\u00f3n:<\/p><\/div><\/div><\/div><div class=\"jp-Cell-inputWrapper\"><div class=\"jp-InputArea jp-Cell-inputArea\"><div class=\"jp-InputPrompt jp-InputArea-prompt\">\u00a0<\/div><\/div><\/div>\t\t\t\t\t\t\t\t<\/div>\n\t\t\t\t<\/div>\n\t\t\t\t\t<\/div>\n\t\t<\/div>\n\t\t\t\t\t<\/div>\n\t\t<\/section>\n\t\t\t\t<section class=\"elementor-section elementor-top-section elementor-element elementor-element-2c53c90 elementor-section-boxed elementor-section-height-default elementor-section-height-default\" data-id=\"2c53c90\" data-element_type=\"section\">\n\t\t\t\t\t\t<div class=\"elementor-container elementor-column-gap-default\">\n\t\t\t\t\t<div class=\"elementor-column elementor-col-100 elementor-top-column elementor-element elementor-element-ac14994\" data-id=\"ac14994\" data-element_type=\"column\">\n\t\t\t<div class=\"elementor-widget-wrap elementor-element-populated\">\n\t\t\t\t\t\t<div class=\"elementor-element elementor-element-f2d74ae elementor-widget elementor-widget-image\" data-id=\"f2d74ae\" data-element_type=\"widget\" data-widget_type=\"image.default\">\n\t\t\t\t<div class=\"elementor-widget-container\">\n\t\t\t\t\t\t\t\t\t\t\t\t\t\t\t<img decoding=\"async\" width=\"505\" height=\"494\" src=\"https:\/\/bioeconomyinnovation.com\/wp-content\/uploads\/2022\/05\/7.jpg\" class=\"attachment-large size-large wp-image-1087\" alt=\"\" srcset=\"https:\/\/bioeconomyinnovation.com\/wp-content\/uploads\/2022\/05\/7.jpg 505w, https:\/\/bioeconomyinnovation.com\/wp-content\/uploads\/2022\/05\/7-300x293.jpg 300w\" sizes=\"(max-width: 505px) 100vw, 505px\" \/>\t\t\t\t\t\t\t\t\t\t\t\t\t\t\t<\/div>\n\t\t\t\t<\/div>\n\t\t\t\t\t<\/div>\n\t\t<\/div>\n\t\t\t\t\t<\/div>\n\t\t<\/section>\n\t\t\t\t<section class=\"elementor-section elementor-top-section elementor-element elementor-element-e73537d elementor-section-boxed elementor-section-height-default elementor-section-height-default\" data-id=\"e73537d\" data-element_type=\"section\">\n\t\t\t\t\t\t<div class=\"elementor-container elementor-column-gap-default\">\n\t\t\t\t\t<div class=\"elementor-column elementor-col-100 elementor-top-column elementor-element elementor-element-af84981\" data-id=\"af84981\" data-element_type=\"column\">\n\t\t\t<div class=\"elementor-widget-wrap elementor-element-populated\">\n\t\t\t\t\t\t<div class=\"elementor-element elementor-element-aacaf7c elementor-widget elementor-widget-text-editor\" data-id=\"aacaf7c\" data-element_type=\"widget\" data-widget_type=\"text-editor.default\">\n\t\t\t\t<div class=\"elementor-widget-container\">\n\t\t\t\t\t\t\t\t\t<p>Por ejemplo: Queremos saber cuales son los k mer m\u00e1s frecuentes en un texto -Text = &#8220;CGATATATCCATAG&#8221;- and k=3, crearemos una funci\u00f3n que nos ayude hacer este conteo.<\/p>\t\t\t\t\t\t\t\t<\/div>\n\t\t\t\t<\/div>\n\t\t\t\t\t<\/div>\n\t\t<\/div>\n\t\t\t\t\t<\/div>\n\t\t<\/section>\n\t\t\t\t<section class=\"elementor-section elementor-top-section elementor-element elementor-element-565302a elementor-section-boxed elementor-section-height-default elementor-section-height-default\" data-id=\"565302a\" data-element_type=\"section\">\n\t\t\t\t\t\t<div class=\"elementor-container elementor-column-gap-default\">\n\t\t\t\t\t<div class=\"elementor-column elementor-col-100 elementor-top-column elementor-element elementor-element-244503b\" data-id=\"244503b\" data-element_type=\"column\">\n\t\t\t<div class=\"elementor-widget-wrap elementor-element-populated\">\n\t\t\t\t\t\t<div class=\"elementor-element elementor-element-a44e95a elementor-widget elementor-widget-image\" data-id=\"a44e95a\" data-element_type=\"widget\" data-widget_type=\"image.default\">\n\t\t\t\t<div class=\"elementor-widget-container\">\n\t\t\t\t\t\t\t\t\t\t\t\t\t\t\t<img decoding=\"async\" width=\"640\" height=\"129\" src=\"https:\/\/bioeconomyinnovation.com\/wp-content\/uploads\/2022\/05\/8.jpg\" class=\"attachment-large size-large wp-image-1088\" alt=\"\" srcset=\"https:\/\/bioeconomyinnovation.com\/wp-content\/uploads\/2022\/05\/8.jpg 823w, https:\/\/bioeconomyinnovation.com\/wp-content\/uploads\/2022\/05\/8-300x61.jpg 300w, https:\/\/bioeconomyinnovation.com\/wp-content\/uploads\/2022\/05\/8-768x155.jpg 768w\" sizes=\"(max-width: 640px) 100vw, 640px\" \/>\t\t\t\t\t\t\t\t\t\t\t\t\t\t\t<\/div>\n\t\t\t\t<\/div>\n\t\t\t\t\t<\/div>\n\t\t<\/div>\n\t\t\t\t\t<\/div>\n\t\t<\/section>\n\t\t\t\t<section class=\"elementor-section elementor-top-section elementor-element elementor-element-812333d elementor-section-boxed elementor-section-height-default elementor-section-height-default\" data-id=\"812333d\" data-element_type=\"section\">\n\t\t\t\t\t\t<div class=\"elementor-container elementor-column-gap-default\">\n\t\t\t\t\t<div class=\"elementor-column elementor-col-100 elementor-top-column elementor-element elementor-element-5648a2b\" data-id=\"5648a2b\" data-element_type=\"column\">\n\t\t\t<div class=\"elementor-widget-wrap elementor-element-populated\">\n\t\t\t\t\t\t<div class=\"elementor-element elementor-element-616c0b6 elementor-widget elementor-widget-text-editor\" data-id=\"616c0b6\" data-element_type=\"widget\" data-widget_type=\"text-editor.default\">\n\t\t\t\t<div class=\"elementor-widget-container\">\n\t\t\t\t\t\t\t\t\t<p>Recuerde que los nucle\u00f3tidos A y T son complementos entre s\u00ed, al igual que C y G. Teniendo una hebra de ADN y un suministro de nucle\u00f3tidos &#8220;flotantes libres&#8221; como se muestra en la figura a continuaci\u00f3n, podemos imaginar la s\u00edntesis de una hebra complementaria en un hilo de plantilla. La siguiente figura muestra una hebra molde &#8220;AGTCGCATAGT&#8221; y su hebra complementaria &#8220;ACTATGCGACT&#8221;.<\/p>\t\t\t\t\t\t\t\t<\/div>\n\t\t\t\t<\/div>\n\t\t\t\t\t<\/div>\n\t\t<\/div>\n\t\t\t\t\t<\/div>\n\t\t<\/section>\n\t\t\t\t<section class=\"elementor-section elementor-top-section elementor-element elementor-element-6488466 elementor-section-boxed elementor-section-height-default elementor-section-height-default\" data-id=\"6488466\" data-element_type=\"section\">\n\t\t\t\t\t\t<div class=\"elementor-container elementor-column-gap-default\">\n\t\t\t\t\t<div class=\"elementor-column elementor-col-100 elementor-top-column elementor-element elementor-element-5cf6561\" data-id=\"5cf6561\" data-element_type=\"column\">\n\t\t\t<div class=\"elementor-widget-wrap elementor-element-populated\">\n\t\t\t\t\t\t<div class=\"elementor-element elementor-element-db740dc elementor-widget elementor-widget-image\" data-id=\"db740dc\" data-element_type=\"widget\" data-widget_type=\"image.default\">\n\t\t\t\t<div class=\"elementor-widget-container\">\n\t\t\t\t\t\t\t\t\t\t\t\t\t\t\t<img loading=\"lazy\" decoding=\"async\" width=\"629\" height=\"331\" src=\"https:\/\/bioeconomyinnovation.com\/wp-content\/uploads\/2022\/05\/6.jpg\" class=\"attachment-large size-large wp-image-1089\" alt=\"\" srcset=\"https:\/\/bioeconomyinnovation.com\/wp-content\/uploads\/2022\/05\/6.jpg 629w, https:\/\/bioeconomyinnovation.com\/wp-content\/uploads\/2022\/05\/6-300x158.jpg 300w\" sizes=\"(max-width: 629px) 100vw, 629px\" \/>\t\t\t\t\t\t\t\t\t\t\t\t\t\t\t<\/div>\n\t\t\t\t<\/div>\n\t\t\t\t\t<\/div>\n\t\t<\/div>\n\t\t\t\t\t<\/div>\n\t\t<\/section>\n\t\t\t\t<section class=\"elementor-section elementor-top-section elementor-element elementor-element-3d54301 elementor-section-boxed elementor-section-height-default elementor-section-height-default\" data-id=\"3d54301\" data-element_type=\"section\">\n\t\t\t\t\t\t<div class=\"elementor-container elementor-column-gap-default\">\n\t\t\t\t\t<div class=\"elementor-column elementor-col-100 elementor-top-column elementor-element elementor-element-24be8a8\" data-id=\"24be8a8\" data-element_type=\"column\">\n\t\t\t<div class=\"elementor-widget-wrap elementor-element-populated\">\n\t\t\t\t\t\t<div class=\"elementor-element elementor-element-c5a74fb elementor-widget elementor-widget-text-editor\" data-id=\"c5a74fb\" data-element_type=\"widget\" data-widget_type=\"text-editor.default\">\n\t\t\t\t<div class=\"elementor-widget-container\">\n\t\t\t\t\t\t\t\t\t<p>L a hebra complementaria en la figura a continuaci\u00f3n se lee &#8220;TCAGCGTATCA&#8221; de izquierda a derecha en lugar de &#8220;ACTATGCGACT&#8221;. A y T son complementarios entre s\u00ed, al igual que C y G. El comienzo y el final de una hebra de ADN se denotan 5&#8242; (se pronuncia &#8220;cinco primos&#8221;) y 3&#8242; (se pronuncia &#8220;tres primos&#8221;), respectivamente. Cada hebra de ADN se lee en direcci\u00f3n 5&#8242; \u2192 3&#8242;, y la hebra complementaria corre en direcci\u00f3n opuesta a la hebra molde. Consulte DESV\u00cdO: Direccionalidad de las cadenas de ADN para saber por qu\u00e9 los bi\u00f3logos usan 5&#8242; y 3&#8242; para referirse al principio y al final de una cadena de ADN.<\/p>\t\t\t\t\t\t\t\t<\/div>\n\t\t\t\t<\/div>\n\t\t\t\t\t<\/div>\n\t\t<\/div>\n\t\t\t\t\t<\/div>\n\t\t<\/section>\n\t\t\t\t<\/div>\n\t\t","protected":false},"excerpt":{"rendered":"<p>Despu\u00e9s de haber estudiado los comandos b\u00e1sicos de python, las estructuras y lo esencial para&#8230;<\/p>\n","protected":false},"author":2,"featured_media":0,"parent":0,"menu_order":0,"comment_status":"closed","ping_status":"closed","template":"","meta":{"footnotes":""},"_links":{"self":[{"href":"https:\/\/bioeconomyinnovation.com\/index.php\/wp-json\/wp\/v2\/pages\/1057"}],"collection":[{"href":"https:\/\/bioeconomyinnovation.com\/index.php\/wp-json\/wp\/v2\/pages"}],"about":[{"href":"https:\/\/bioeconomyinnovation.com\/index.php\/wp-json\/wp\/v2\/types\/page"}],"author":[{"embeddable":true,"href":"https:\/\/bioeconomyinnovation.com\/index.php\/wp-json\/wp\/v2\/users\/2"}],"replies":[{"embeddable":true,"href":"https:\/\/bioeconomyinnovation.com\/index.php\/wp-json\/wp\/v2\/comments?post=1057"}],"version-history":[{"count":12,"href":"https:\/\/bioeconomyinnovation.com\/index.php\/wp-json\/wp\/v2\/pages\/1057\/revisions"}],"predecessor-version":[{"id":1564,"href":"https:\/\/bioeconomyinnovation.com\/index.php\/wp-json\/wp\/v2\/pages\/1057\/revisions\/1564"}],"wp:attachment":[{"href":"https:\/\/bioeconomyinnovation.com\/index.php\/wp-json\/wp\/v2\/media?parent=1057"}],"curies":[{"name":"wp","href":"https:\/\/api.w.org\/{rel}","templated":true}]}}