{"id":1225,"date":"2022-11-25T01:36:17","date_gmt":"2022-11-25T01:36:17","guid":{"rendered":"https:\/\/bioeconomyinnovation.com\/?page_id=1225"},"modified":"2022-12-14T02:36:51","modified_gmt":"2022-12-14T02:36:51","slug":"sustituto-de-glifosato","status":"publish","type":"page","link":"https:\/\/bioeconomyinnovation.com\/index.php\/sustituto-de-glifosato\/","title":{"rendered":"Sustituto de Glifosato"},"content":{"rendered":"\t\t<div data-elementor-type=\"wp-page\" data-elementor-id=\"1225\" class=\"elementor elementor-1225\">\n\t\t\t\t\t\t<section class=\"elementor-section elementor-top-section elementor-element elementor-element-5df6aa2e elementor-section-full_width elementor-section-stretched elementor-section-height-default elementor-section-height-default\" data-id=\"5df6aa2e\" data-element_type=\"section\" data-settings=\"{&quot;stretch_section&quot;:&quot;section-stretched&quot;,&quot;background_background&quot;:&quot;classic&quot;}\">\n\t\t\t\t\t\t\t<div class=\"elementor-background-overlay\"><\/div>\n\t\t\t\t\t\t\t<div class=\"elementor-container elementor-column-gap-default\">\n\t\t\t\t\t<div class=\"elementor-column elementor-col-100 elementor-top-column elementor-element elementor-element-625e7baa\" data-id=\"625e7baa\" data-element_type=\"column\">\n\t\t\t<div class=\"elementor-widget-wrap elementor-element-populated\">\n\t\t\t\t\t\t<div class=\"elementor-element elementor-element-182349df elementor-drop-cap-yes elementor-drop-cap-view-default elementor-widget elementor-widget-text-editor\" data-id=\"182349df\" data-element_type=\"widget\" data-settings=\"{&quot;drop_cap&quot;:&quot;yes&quot;}\" data-widget_type=\"text-editor.default\">\n\t\t\t\t<div class=\"elementor-widget-container\">\n\t\t\t\t\t\t\t\t\t<p>Ang\u00e9lica Ruiz Font, cient\u00edfica del Centro de Investigaci\u00f3n en Biotecnolog\u00eda Avanzada (CIBA), Unidad Tlaxcala, quien a trav\u00e9s del estudio minucioso de la diversidad microbiana (bacterias y hongos) lider\u00f3 el desarrollo de una tecnolog\u00eda bioherbicida para prescindir de productos qu\u00edmicos en la agricultura y la jardiner\u00eda.<\/p><p>Con esta innovaci\u00f3n, que atiende al menos seis de los Objetivos del Desarrollo Sostenible (ODS) establecidos en 2015 por la Asamblea General de las Naciones Unidas, la investigadora polit\u00e9cnica form\u00f3 parte del Programa Leaders in Innovation Fellowships (LIF) Global 2022, impulsado por la Royal Academy of Engineering (RAEng) de Reino Unido y la Secretar\u00eda de Econom\u00eda (SE) de M\u00e9xico.<\/p><p>La experta en biotecnolog\u00eda y recursos naturales recibi\u00f3 entrenamiento intensivo (sprints), mentor\u00edas y sesiones de tutor\u00edas de manera remota y presencial, por parte de expertos de la Royal Academy of Engineering de enero a junio en la Ciudad de M\u00e9xico y en Cambridge, Durham y Londres, Inglaterra, para establecer los alcances de su proyecto cient\u00edfico, innovaci\u00f3n, plan de negocios e impacto social para acceder a financiamiento.<\/p>\t\t\t\t\t\t\t\t<\/div>\n\t\t\t\t<\/div>\n\t\t\t\t<section class=\"elementor-section elementor-inner-section elementor-element elementor-element-d0e4b4a elementor-section-boxed elementor-section-height-default elementor-section-height-default\" data-id=\"d0e4b4a\" data-element_type=\"section\">\n\t\t\t\t\t\t<div class=\"elementor-container elementor-column-gap-default\">\n\t\t\t\t\t<div class=\"elementor-column elementor-col-50 elementor-inner-column elementor-element elementor-element-a83d481\" data-id=\"a83d481\" data-element_type=\"column\">\n\t\t\t<div class=\"elementor-widget-wrap elementor-element-populated\">\n\t\t\t\t\t\t<div class=\"elementor-element elementor-element-07b0c46 elementor-widget elementor-widget-text-editor\" data-id=\"07b0c46\" data-element_type=\"widget\" data-widget_type=\"text-editor.default\">\n\t\t\t\t<div class=\"elementor-widget-container\">\n\t\t\t\t\t\t\t\t\t<p>PRODUCTO CONTRA LA MALEZA<\/p><p>Mediante el entendimiento de la diversidad microbiana funcional, conformada por bacterias y hongos, que se encuentran en ra\u00edces, tallos, hojas y hasta dentro de las semillas de un n\u00famero importante de arvenses (mala hierba), los cient\u00edficos polit\u00e9cnicos son capaces de controlar procesos biol\u00f3gicos en comunidades vegetales y evitar sustancias qu\u00edmicas que alteran el equilibrio ecol\u00f3gico.<\/p><p>El desarrollo del CIBA Tlaxcala, con patente ante el Instituto Mexicano de la Propiedad Industrial (IMPI), es un bioherbicida que plantea una alternativa al uso de glifosato, sustancia que se emplea indiscriminadamente en el campo con severos efectos nocivos para la salud.<\/p><p>PASARELA TECNOL\u00d3GICA INTERNACIONAL<\/p><p>Al destacar que su innovaci\u00f3n estuvo entre las seis finalistas, la cient\u00edfica del IPN consider\u00f3 que el entrenamiento es de gran ayuda para fortalecer las capacidades de las y los emprendedores, investigadores y tecn\u00f3logos del pa\u00eds en el emprendimiento y comercializaci\u00f3n de su tecnolog\u00eda.<\/p><p>\u00a0<\/p><p>Por Felisa Guzm\u00e1n<\/p><p>Fuente: Gaceta Polit\u00e9cnica n\u00fam. 153, 31 de ago. de 2022.<\/p>\t\t\t\t\t\t\t\t<\/div>\n\t\t\t\t<\/div>\n\t\t\t\t\t<\/div>\n\t\t<\/div>\n\t\t\t\t<div class=\"elementor-column elementor-col-50 elementor-inner-column elementor-element elementor-element-92ad49d\" data-id=\"92ad49d\" data-element_type=\"column\">\n\t\t\t<div class=\"elementor-widget-wrap elementor-element-populated\">\n\t\t\t\t\t\t<div class=\"elementor-element elementor-element-6f11e71 elementor-widget elementor-widget-image\" data-id=\"6f11e71\" data-element_type=\"widget\" data-widget_type=\"image.default\">\n\t\t\t\t<div class=\"elementor-widget-container\">\n\t\t\t\t\t\t\t\t\t\t\t\t\t\t\t<img fetchpriority=\"high\" decoding=\"async\" width=\"265\" height=\"511\" src=\"https:\/\/bioeconomyinnovation.com\/wp-content\/uploads\/2022\/12\/Captura-de-pantalla-bioh.jpg\" class=\"attachment-large size-large wp-image-1358\" alt=\"\" srcset=\"https:\/\/bioeconomyinnovation.com\/wp-content\/uploads\/2022\/12\/Captura-de-pantalla-bioh.jpg 265w, https:\/\/bioeconomyinnovation.com\/wp-content\/uploads\/2022\/12\/Captura-de-pantalla-bioh-156x300.jpg 156w\" sizes=\"(max-width: 265px) 100vw, 265px\" \/>\t\t\t\t\t\t\t\t\t\t\t\t\t\t\t<\/div>\n\t\t\t\t<\/div>\n\t\t\t\t\t<\/div>\n\t\t<\/div>\n\t\t\t\t\t<\/div>\n\t\t<\/section>\n\t\t\t\t\t<\/div>\n\t\t<\/div>\n\t\t\t\t\t<\/div>\n\t\t<\/section>\n\t\t\t\t<\/div>\n\t\t","protected":false},"excerpt":{"rendered":"<p>Ang\u00e9lica Ruiz Font, cient\u00edfica del Centro de Investigaci\u00f3n en Biotecnolog\u00eda Avanzada (CIBA), Unidad Tlaxcala, quien&#8230;<\/p>\n","protected":false},"author":2,"featured_media":0,"parent":0,"menu_order":0,"comment_status":"closed","ping_status":"closed","template":"","meta":{"footnotes":""},"_links":{"self":[{"href":"https:\/\/bioeconomyinnovation.com\/index.php\/wp-json\/wp\/v2\/pages\/1225"}],"collection":[{"href":"https:\/\/bioeconomyinnovation.com\/index.php\/wp-json\/wp\/v2\/pages"}],"about":[{"href":"https:\/\/bioeconomyinnovation.com\/index.php\/wp-json\/wp\/v2\/types\/page"}],"author":[{"embeddable":true,"href":"https:\/\/bioeconomyinnovation.com\/index.php\/wp-json\/wp\/v2\/users\/2"}],"replies":[{"embeddable":true,"href":"https:\/\/bioeconomyinnovation.com\/index.php\/wp-json\/wp\/v2\/comments?post=1225"}],"version-history":[{"count":13,"href":"https:\/\/bioeconomyinnovation.com\/index.php\/wp-json\/wp\/v2\/pages\/1225\/revisions"}],"predecessor-version":[{"id":1364,"href":"https:\/\/bioeconomyinnovation.com\/index.php\/wp-json\/wp\/v2\/pages\/1225\/revisions\/1364"}],"wp:attachment":[{"href":"https:\/\/bioeconomyinnovation.com\/index.php\/wp-json\/wp\/v2\/media?parent=1225"}],"curies":[{"name":"wp","href":"https:\/\/api.w.org\/{rel}","templated":true}]}}