{"id":295,"date":"2021-11-17T23:39:54","date_gmt":"2021-11-17T23:39:54","guid":{"rendered":"https:\/\/bioeconomyinnovation.com\/?page_id=295"},"modified":"2024-11-20T23:14:28","modified_gmt":"2024-11-20T23:14:28","slug":"mision","status":"publish","type":"page","link":"https:\/\/bioeconomyinnovation.com\/index.php\/mision\/","title":{"rendered":"Equipo de trabajo"},"content":{"rendered":"\t\t<div data-elementor-type=\"wp-page\" data-elementor-id=\"295\" class=\"elementor elementor-295\">\n\t\t\t\t\t\t<section class=\"elementor-section elementor-top-section elementor-element elementor-element-b670510 elementor-section-boxed elementor-section-height-default elementor-section-height-default\" data-id=\"b670510\" data-element_type=\"section\">\n\t\t\t\t\t\t<div class=\"elementor-container elementor-column-gap-default\">\n\t\t\t\t\t<div class=\"elementor-column elementor-col-50 elementor-top-column elementor-element elementor-element-a36a041\" data-id=\"a36a041\" data-element_type=\"column\">\n\t\t\t<div class=\"elementor-widget-wrap elementor-element-populated\">\n\t\t\t\t\t\t<div class=\"elementor-element elementor-element-d254c41 elementor-widget__width-initial elementor-widget elementor-widget-image\" data-id=\"d254c41\" data-element_type=\"widget\" data-widget_type=\"image.default\">\n\t\t\t\t<div class=\"elementor-widget-container\">\n\t\t\t\t\t\t\t\t\t\t\t\t\t\t\t<img fetchpriority=\"high\" decoding=\"async\" width=\"640\" height=\"853\" src=\"https:\/\/bioeconomyinnovation.com\/wp-content\/uploads\/2024\/11\/4-768x1024.jpg\" class=\"attachment-large size-large wp-image-1579\" alt=\"Maestra Grecia Robles Bueno\" srcset=\"https:\/\/bioeconomyinnovation.com\/wp-content\/uploads\/2024\/11\/4-768x1024.jpg 768w, https:\/\/bioeconomyinnovation.com\/wp-content\/uploads\/2024\/11\/4-225x300.jpg 225w, https:\/\/bioeconomyinnovation.com\/wp-content\/uploads\/2024\/11\/4-1152x1536.jpg 1152w, https:\/\/bioeconomyinnovation.com\/wp-content\/uploads\/2024\/11\/4-1536x2048.jpg 1536w, https:\/\/bioeconomyinnovation.com\/wp-content\/uploads\/2024\/11\/4-1024x1365.jpg 1024w, https:\/\/bioeconomyinnovation.com\/wp-content\/uploads\/2024\/11\/4-scaled.jpg 1920w\" sizes=\"(max-width: 640px) 100vw, 640px\" \/>\t\t\t\t\t\t\t\t\t\t\t\t\t\t\t<\/div>\n\t\t\t\t<\/div>\n\t\t\t\t\t<\/div>\n\t\t<\/div>\n\t\t\t\t<div class=\"elementor-column elementor-col-50 elementor-top-column elementor-element elementor-element-241f18b\" data-id=\"241f18b\" data-element_type=\"column\">\n\t\t\t<div class=\"elementor-widget-wrap elementor-element-populated\">\n\t\t\t\t\t\t<div class=\"elementor-element elementor-element-acce6e2 elementor-widget elementor-widget-text-editor\" data-id=\"acce6e2\" data-element_type=\"widget\" data-widget_type=\"text-editor.default\">\n\t\t\t\t<div class=\"elementor-widget-container\">\n\t\t\t\t\t\t\t\t\t<p>Maestra Grecia Robles Bueno<\/p>\t\t\t\t\t\t\t\t<\/div>\n\t\t\t\t<\/div>\n\t\t\t\t\t<\/div>\n\t\t<\/div>\n\t\t\t\t\t<\/div>\n\t\t<\/section>\n\t\t\t\t<section class=\"elementor-section elementor-top-section elementor-element elementor-element-7d9e351 elementor-section-boxed elementor-section-height-default elementor-section-height-default\" data-id=\"7d9e351\" data-element_type=\"section\">\n\t\t\t\t\t\t<div class=\"elementor-container elementor-column-gap-default\">\n\t\t\t\t\t<div class=\"elementor-column elementor-col-50 elementor-top-column elementor-element elementor-element-67e6136\" data-id=\"67e6136\" data-element_type=\"column\">\n\t\t\t<div class=\"elementor-widget-wrap elementor-element-populated\">\n\t\t\t\t\t\t<div class=\"elementor-element elementor-element-4742ef7 elementor-widget__width-initial elementor-widget elementor-widget-image\" data-id=\"4742ef7\" data-element_type=\"widget\" data-widget_type=\"image.default\">\n\t\t\t\t<div class=\"elementor-widget-container\">\n\t\t\t\t\t\t\t\t\t\t\t\t\t\t\t<img decoding=\"async\" width=\"640\" height=\"853\" src=\"https:\/\/bioeconomyinnovation.com\/wp-content\/uploads\/2024\/11\/2-768x1024.jpg\" class=\"attachment-large size-large wp-image-1581\" alt=\"Edgar Hern\u00e1ndez Hern\u00e1ndez\" srcset=\"https:\/\/bioeconomyinnovation.com\/wp-content\/uploads\/2024\/11\/2-768x1024.jpg 768w, https:\/\/bioeconomyinnovation.com\/wp-content\/uploads\/2024\/11\/2-225x300.jpg 225w, https:\/\/bioeconomyinnovation.com\/wp-content\/uploads\/2024\/11\/2-1152x1536.jpg 1152w, https:\/\/bioeconomyinnovation.com\/wp-content\/uploads\/2024\/11\/2-1536x2048.jpg 1536w, https:\/\/bioeconomyinnovation.com\/wp-content\/uploads\/2024\/11\/2-1024x1365.jpg 1024w, https:\/\/bioeconomyinnovation.com\/wp-content\/uploads\/2024\/11\/2-scaled.jpg 1920w\" sizes=\"(max-width: 640px) 100vw, 640px\" \/>\t\t\t\t\t\t\t\t\t\t\t\t\t\t\t<\/div>\n\t\t\t\t<\/div>\n\t\t\t\t\t<\/div>\n\t\t<\/div>\n\t\t\t\t<div class=\"elementor-column elementor-col-50 elementor-top-column elementor-element elementor-element-d27cabb\" data-id=\"d27cabb\" data-element_type=\"column\">\n\t\t\t<div class=\"elementor-widget-wrap elementor-element-populated\">\n\t\t\t\t\t\t<div class=\"elementor-element elementor-element-733bf8e elementor-widget elementor-widget-text-editor\" data-id=\"733bf8e\" data-element_type=\"widget\" data-widget_type=\"text-editor.default\">\n\t\t\t\t<div class=\"elementor-widget-container\">\n\t\t\t\t\t\t\t\t\t<p>Biol. Edgar Hern\u00e1ndez Hern\u00e1ndez<\/p>\t\t\t\t\t\t\t\t<\/div>\n\t\t\t\t<\/div>\n\t\t\t\t\t<\/div>\n\t\t<\/div>\n\t\t\t\t\t<\/div>\n\t\t<\/section>\n\t\t\t\t<section class=\"elementor-section elementor-top-section elementor-element elementor-element-6c1151f elementor-section-boxed elementor-section-height-default elementor-section-height-default\" data-id=\"6c1151f\" data-element_type=\"section\">\n\t\t\t\t\t\t<div class=\"elementor-container elementor-column-gap-default\">\n\t\t\t\t\t<div class=\"elementor-column elementor-col-50 elementor-top-column elementor-element elementor-element-4c85443\" data-id=\"4c85443\" data-element_type=\"column\">\n\t\t\t<div class=\"elementor-widget-wrap elementor-element-populated\">\n\t\t\t\t\t\t<div class=\"elementor-element elementor-element-daf70f5 elementor-widget__width-initial elementor-widget elementor-widget-image\" data-id=\"daf70f5\" data-element_type=\"widget\" data-widget_type=\"image.default\">\n\t\t\t\t<div class=\"elementor-widget-container\">\n\t\t\t\t\t\t\t\t\t\t\t\t\t\t\t<img decoding=\"async\" width=\"640\" height=\"853\" src=\"https:\/\/bioeconomyinnovation.com\/wp-content\/uploads\/2024\/11\/3-768x1024.jpg\" class=\"attachment-large size-large wp-image-1580\" alt=\"Ing. Quim. Leslie Gonz\u00e1lez Celis\" srcset=\"https:\/\/bioeconomyinnovation.com\/wp-content\/uploads\/2024\/11\/3-768x1024.jpg 768w, https:\/\/bioeconomyinnovation.com\/wp-content\/uploads\/2024\/11\/3-225x300.jpg 225w, https:\/\/bioeconomyinnovation.com\/wp-content\/uploads\/2024\/11\/3-1152x1536.jpg 1152w, https:\/\/bioeconomyinnovation.com\/wp-content\/uploads\/2024\/11\/3-1536x2048.jpg 1536w, https:\/\/bioeconomyinnovation.com\/wp-content\/uploads\/2024\/11\/3-1024x1365.jpg 1024w, https:\/\/bioeconomyinnovation.com\/wp-content\/uploads\/2024\/11\/3-scaled.jpg 1920w\" sizes=\"(max-width: 640px) 100vw, 640px\" \/>\t\t\t\t\t\t\t\t\t\t\t\t\t\t\t<\/div>\n\t\t\t\t<\/div>\n\t\t\t\t\t<\/div>\n\t\t<\/div>\n\t\t\t\t<div class=\"elementor-column elementor-col-50 elementor-top-column elementor-element elementor-element-06a9ac6\" data-id=\"06a9ac6\" data-element_type=\"column\">\n\t\t\t<div class=\"elementor-widget-wrap elementor-element-populated\">\n\t\t\t\t\t\t<div class=\"elementor-element elementor-element-cb642d3 elementor-widget elementor-widget-text-editor\" data-id=\"cb642d3\" data-element_type=\"widget\" data-widget_type=\"text-editor.default\">\n\t\t\t\t<div class=\"elementor-widget-container\">\n\t\t\t\t\t\t\t\t\t<p>Ing. Quim. Leslie Gonz\u00e1lez Celis<\/p>\t\t\t\t\t\t\t\t<\/div>\n\t\t\t\t<\/div>\n\t\t\t\t\t<\/div>\n\t\t<\/div>\n\t\t\t\t\t<\/div>\n\t\t<\/section>\n\t\t\t\t<section class=\"elementor-section elementor-top-section elementor-element elementor-element-22b3c65 elementor-section-boxed elementor-section-height-default elementor-section-height-default\" data-id=\"22b3c65\" data-element_type=\"section\">\n\t\t\t\t\t\t<div class=\"elementor-container elementor-column-gap-default\">\n\t\t\t\t\t<div class=\"elementor-column elementor-col-50 elementor-top-column elementor-element elementor-element-70fae52\" data-id=\"70fae52\" data-element_type=\"column\">\n\t\t\t<div class=\"elementor-widget-wrap elementor-element-populated\">\n\t\t\t\t\t\t<div class=\"elementor-element elementor-element-69bb3c8 elementor-widget__width-initial elementor-widget elementor-widget-image\" data-id=\"69bb3c8\" data-element_type=\"widget\" data-widget_type=\"image.default\">\n\t\t\t\t<div class=\"elementor-widget-container\">\n\t\t\t\t\t\t\t\t\t\t\t\t\t\t\t<img loading=\"lazy\" decoding=\"async\" width=\"640\" height=\"853\" src=\"https:\/\/bioeconomyinnovation.com\/wp-content\/uploads\/2024\/11\/5-768x1024.jpg\" class=\"attachment-large size-large wp-image-1578\" alt=\"Biol. Diana Urbano Manzano\" srcset=\"https:\/\/bioeconomyinnovation.com\/wp-content\/uploads\/2024\/11\/5-768x1024.jpg 768w, https:\/\/bioeconomyinnovation.com\/wp-content\/uploads\/2024\/11\/5-225x300.jpg 225w, https:\/\/bioeconomyinnovation.com\/wp-content\/uploads\/2024\/11\/5-1152x1536.jpg 1152w, https:\/\/bioeconomyinnovation.com\/wp-content\/uploads\/2024\/11\/5-1536x2048.jpg 1536w, https:\/\/bioeconomyinnovation.com\/wp-content\/uploads\/2024\/11\/5-1024x1365.jpg 1024w, https:\/\/bioeconomyinnovation.com\/wp-content\/uploads\/2024\/11\/5-scaled.jpg 1920w\" sizes=\"(max-width: 640px) 100vw, 640px\" \/>\t\t\t\t\t\t\t\t\t\t\t\t\t\t\t<\/div>\n\t\t\t\t<\/div>\n\t\t\t\t\t<\/div>\n\t\t<\/div>\n\t\t\t\t<div class=\"elementor-column elementor-col-50 elementor-top-column elementor-element elementor-element-30a203e\" data-id=\"30a203e\" data-element_type=\"column\">\n\t\t\t<div class=\"elementor-widget-wrap elementor-element-populated\">\n\t\t\t\t\t\t<div class=\"elementor-element elementor-element-dbbc57c elementor-widget elementor-widget-text-editor\" data-id=\"dbbc57c\" data-element_type=\"widget\" data-widget_type=\"text-editor.default\">\n\t\t\t\t<div class=\"elementor-widget-container\">\n\t\t\t\t\t\t\t\t\t<p>Biol. Diana Urbano Manzano<\/p>\t\t\t\t\t\t\t\t<\/div>\n\t\t\t\t<\/div>\n\t\t\t\t\t<\/div>\n\t\t<\/div>\n\t\t\t\t\t<\/div>\n\t\t<\/section>\n\t\t\t\t<section class=\"elementor-section elementor-top-section elementor-element elementor-element-2afe759 elementor-section-boxed elementor-section-height-default elementor-section-height-default\" data-id=\"2afe759\" data-element_type=\"section\">\n\t\t\t\t\t\t<div class=\"elementor-container elementor-column-gap-default\">\n\t\t\t\t\t<div class=\"elementor-column elementor-col-50 elementor-top-column elementor-element elementor-element-948ae50\" data-id=\"948ae50\" data-element_type=\"column\">\n\t\t\t<div class=\"elementor-widget-wrap elementor-element-populated\">\n\t\t\t\t\t\t<div class=\"elementor-element elementor-element-57614e0 elementor-widget__width-initial elementor-widget elementor-widget-image\" data-id=\"57614e0\" data-element_type=\"widget\" data-widget_type=\"image.default\">\n\t\t\t\t<div class=\"elementor-widget-container\">\n\t\t\t\t\t\t\t\t\t\t\t\t\t\t\t<img loading=\"lazy\" decoding=\"async\" width=\"640\" height=\"853\" src=\"https:\/\/bioeconomyinnovation.com\/wp-content\/uploads\/2024\/11\/7-768x1024.jpg\" class=\"attachment-large size-large wp-image-1576\" alt=\"Ing. Biotec. Daniela Monserrat Ruiz Espinosa\" srcset=\"https:\/\/bioeconomyinnovation.com\/wp-content\/uploads\/2024\/11\/7-768x1024.jpg 768w, https:\/\/bioeconomyinnovation.com\/wp-content\/uploads\/2024\/11\/7-225x300.jpg 225w, https:\/\/bioeconomyinnovation.com\/wp-content\/uploads\/2024\/11\/7-1152x1536.jpg 1152w, https:\/\/bioeconomyinnovation.com\/wp-content\/uploads\/2024\/11\/7-1536x2048.jpg 1536w, https:\/\/bioeconomyinnovation.com\/wp-content\/uploads\/2024\/11\/7-1024x1365.jpg 1024w, https:\/\/bioeconomyinnovation.com\/wp-content\/uploads\/2024\/11\/7-scaled.jpg 1920w\" sizes=\"(max-width: 640px) 100vw, 640px\" \/>\t\t\t\t\t\t\t\t\t\t\t\t\t\t\t<\/div>\n\t\t\t\t<\/div>\n\t\t\t\t\t<\/div>\n\t\t<\/div>\n\t\t\t\t<div class=\"elementor-column elementor-col-50 elementor-top-column elementor-element elementor-element-de1012e\" data-id=\"de1012e\" data-element_type=\"column\">\n\t\t\t<div class=\"elementor-widget-wrap elementor-element-populated\">\n\t\t\t\t\t\t<div class=\"elementor-element elementor-element-7cf0cca elementor-widget elementor-widget-text-editor\" data-id=\"7cf0cca\" data-element_type=\"widget\" data-widget_type=\"text-editor.default\">\n\t\t\t\t<div class=\"elementor-widget-container\">\n\t\t\t\t\t\t\t\t\t<p>Ing. Biotec. Daniela Monserrat Ruiz Espinosa<\/p>\t\t\t\t\t\t\t\t<\/div>\n\t\t\t\t<\/div>\n\t\t\t\t\t<\/div>\n\t\t<\/div>\n\t\t\t\t\t<\/div>\n\t\t<\/section>\n\t\t\t\t<section class=\"elementor-section elementor-top-section elementor-element elementor-element-23c27a0 elementor-section-boxed elementor-section-height-default elementor-section-height-default\" data-id=\"23c27a0\" data-element_type=\"section\">\n\t\t\t\t\t\t<div class=\"elementor-container elementor-column-gap-default\">\n\t\t\t\t\t<div class=\"elementor-column elementor-col-50 elementor-top-column elementor-element elementor-element-70c64e5\" data-id=\"70c64e5\" data-element_type=\"column\">\n\t\t\t<div class=\"elementor-widget-wrap elementor-element-populated\">\n\t\t\t\t\t\t<div class=\"elementor-element elementor-element-aa4aecb elementor-widget__width-initial elementor-widget elementor-widget-image\" data-id=\"aa4aecb\" data-element_type=\"widget\" data-widget_type=\"image.default\">\n\t\t\t\t<div class=\"elementor-widget-container\">\n\t\t\t\t\t\t\t\t\t\t\t\t\t\t\t<img loading=\"lazy\" decoding=\"async\" width=\"640\" height=\"853\" src=\"https:\/\/bioeconomyinnovation.com\/wp-content\/uploads\/2024\/11\/1-768x1024.jpg\" class=\"attachment-large size-large wp-image-1582\" alt=\"C. Eva Dom\u00ednguez Ortiz\" srcset=\"https:\/\/bioeconomyinnovation.com\/wp-content\/uploads\/2024\/11\/1-768x1024.jpg 768w, https:\/\/bioeconomyinnovation.com\/wp-content\/uploads\/2024\/11\/1-225x300.jpg 225w, https:\/\/bioeconomyinnovation.com\/wp-content\/uploads\/2024\/11\/1-1152x1536.jpg 1152w, https:\/\/bioeconomyinnovation.com\/wp-content\/uploads\/2024\/11\/1-1536x2048.jpg 1536w, https:\/\/bioeconomyinnovation.com\/wp-content\/uploads\/2024\/11\/1-1024x1365.jpg 1024w, https:\/\/bioeconomyinnovation.com\/wp-content\/uploads\/2024\/11\/1-scaled.jpg 1920w\" sizes=\"(max-width: 640px) 100vw, 640px\" \/>\t\t\t\t\t\t\t\t\t\t\t\t\t\t\t<\/div>\n\t\t\t\t<\/div>\n\t\t\t\t\t<\/div>\n\t\t<\/div>\n\t\t\t\t<div class=\"elementor-column elementor-col-50 elementor-top-column elementor-element elementor-element-bdeb7f4\" data-id=\"bdeb7f4\" data-element_type=\"column\">\n\t\t\t<div class=\"elementor-widget-wrap elementor-element-populated\">\n\t\t\t\t\t\t<div class=\"elementor-element elementor-element-a4cbe43 elementor-widget elementor-widget-text-editor\" data-id=\"a4cbe43\" data-element_type=\"widget\" data-widget_type=\"text-editor.default\">\n\t\t\t\t<div class=\"elementor-widget-container\">\n\t\t\t\t\t\t\t\t\t<p>C. Eva Dom\u00ednguez Ortiz<\/p>\t\t\t\t\t\t\t\t<\/div>\n\t\t\t\t<\/div>\n\t\t\t\t\t<\/div>\n\t\t<\/div>\n\t\t\t\t\t<\/div>\n\t\t<\/section>\n\t\t\t\t<section class=\"elementor-section elementor-top-section elementor-element elementor-element-c256274 elementor-section-boxed elementor-section-height-default elementor-section-height-default\" data-id=\"c256274\" data-element_type=\"section\">\n\t\t\t\t\t\t<div class=\"elementor-container elementor-column-gap-default\">\n\t\t\t\t\t<div class=\"elementor-column elementor-col-50 elementor-top-column elementor-element elementor-element-b255441\" data-id=\"b255441\" data-element_type=\"column\">\n\t\t\t<div class=\"elementor-widget-wrap elementor-element-populated\">\n\t\t\t\t\t\t<div class=\"elementor-element elementor-element-00ca106 elementor-widget__width-initial elementor-widget elementor-widget-image\" data-id=\"00ca106\" data-element_type=\"widget\" data-widget_type=\"image.default\">\n\t\t\t\t<div class=\"elementor-widget-container\">\n\t\t\t\t\t\t\t\t\t\t\t\t\t\t\t<img loading=\"lazy\" decoding=\"async\" width=\"640\" height=\"853\" src=\"https:\/\/bioeconomyinnovation.com\/wp-content\/uploads\/2024\/11\/6-768x1024.jpg\" class=\"attachment-large size-large wp-image-1577\" alt=\"C. Ximena Ortiz Garc\u00eda\" srcset=\"https:\/\/bioeconomyinnovation.com\/wp-content\/uploads\/2024\/11\/6-768x1024.jpg 768w, https:\/\/bioeconomyinnovation.com\/wp-content\/uploads\/2024\/11\/6-225x300.jpg 225w, https:\/\/bioeconomyinnovation.com\/wp-content\/uploads\/2024\/11\/6-1152x1536.jpg 1152w, https:\/\/bioeconomyinnovation.com\/wp-content\/uploads\/2024\/11\/6-1536x2048.jpg 1536w, https:\/\/bioeconomyinnovation.com\/wp-content\/uploads\/2024\/11\/6-1024x1365.jpg 1024w, https:\/\/bioeconomyinnovation.com\/wp-content\/uploads\/2024\/11\/6-scaled.jpg 1920w\" sizes=\"(max-width: 640px) 100vw, 640px\" \/>\t\t\t\t\t\t\t\t\t\t\t\t\t\t\t<\/div>\n\t\t\t\t<\/div>\n\t\t\t\t\t<\/div>\n\t\t<\/div>\n\t\t\t\t<div class=\"elementor-column elementor-col-50 elementor-top-column elementor-element elementor-element-d3ac113\" data-id=\"d3ac113\" data-element_type=\"column\">\n\t\t\t<div class=\"elementor-widget-wrap elementor-element-populated\">\n\t\t\t\t\t\t<div class=\"elementor-element elementor-element-f5fb0c7 elementor-widget elementor-widget-text-editor\" data-id=\"f5fb0c7\" data-element_type=\"widget\" data-widget_type=\"text-editor.default\">\n\t\t\t\t<div class=\"elementor-widget-container\">\n\t\t\t\t\t\t\t\t\t<p>C. Ximena Ortiz Garc\u00eda<\/p>\t\t\t\t\t\t\t\t<\/div>\n\t\t\t\t<\/div>\n\t\t\t\t\t<\/div>\n\t\t<\/div>\n\t\t\t\t\t<\/div>\n\t\t<\/section>\n\t\t\t\t<\/div>\n\t\t","protected":false},"excerpt":{"rendered":"<p>Maestra Grecia Robles Bueno Biol. Edgar Hern\u00e1ndez Hern\u00e1ndez Ing. Quim. Leslie Gonz\u00e1lez Celis Biol. Diana&#8230;<\/p>\n","protected":false},"author":2,"featured_media":0,"parent":0,"menu_order":0,"comment_status":"closed","ping_status":"closed","template":"","meta":{"footnotes":""},"_links":{"self":[{"href":"https:\/\/bioeconomyinnovation.com\/index.php\/wp-json\/wp\/v2\/pages\/295"}],"collection":[{"href":"https:\/\/bioeconomyinnovation.com\/index.php\/wp-json\/wp\/v2\/pages"}],"about":[{"href":"https:\/\/bioeconomyinnovation.com\/index.php\/wp-json\/wp\/v2\/types\/page"}],"author":[{"embeddable":true,"href":"https:\/\/bioeconomyinnovation.com\/index.php\/wp-json\/wp\/v2\/users\/2"}],"replies":[{"embeddable":true,"href":"https:\/\/bioeconomyinnovation.com\/index.php\/wp-json\/wp\/v2\/comments?post=295"}],"version-history":[{"count":35,"href":"https:\/\/bioeconomyinnovation.com\/index.php\/wp-json\/wp\/v2\/pages\/295\/revisions"}],"predecessor-version":[{"id":1590,"href":"https:\/\/bioeconomyinnovation.com\/index.php\/wp-json\/wp\/v2\/pages\/295\/revisions\/1590"}],"wp:attachment":[{"href":"https:\/\/bioeconomyinnovation.com\/index.php\/wp-json\/wp\/v2\/media?parent=295"}],"curies":[{"name":"wp","href":"https:\/\/api.w.org\/{rel}","templated":true}]}}