{"id":343,"date":"2021-11-18T00:54:01","date_gmt":"2021-11-18T00:54:01","guid":{"rendered":"https:\/\/bioeconomyinnovation.com\/?page_id=343"},"modified":"2022-11-25T06:47:15","modified_gmt":"2022-11-25T06:47:15","slug":"objetivos-de-desarrollo-para-la-sustentabilidad","status":"publish","type":"page","link":"https:\/\/bioeconomyinnovation.com\/index.php\/objetivos-de-desarrollo-para-la-sustentabilidad\/","title":{"rendered":"Democratizaci\u00f3n de Tecnolog\u00eda Forestal"},"content":{"rendered":"\t\t<div data-elementor-type=\"wp-page\" data-elementor-id=\"343\" class=\"elementor elementor-343\">\n\t\t\t\t\t\t<section class=\"elementor-section elementor-top-section elementor-element elementor-element-a1f7886 elementor-section-full_width elementor-section-stretched elementor-section-height-default elementor-section-height-default\" data-id=\"a1f7886\" data-element_type=\"section\" data-settings=\"{&quot;stretch_section&quot;:&quot;section-stretched&quot;,&quot;background_background&quot;:&quot;classic&quot;}\">\n\t\t\t\t\t\t\t<div class=\"elementor-background-overlay\"><\/div>\n\t\t\t\t\t\t\t<div class=\"elementor-container elementor-column-gap-default\">\n\t\t\t\t\t<div class=\"elementor-column elementor-col-100 elementor-top-column elementor-element elementor-element-2d65386\" data-id=\"2d65386\" data-element_type=\"column\">\n\t\t\t<div class=\"elementor-widget-wrap elementor-element-populated\">\n\t\t\t\t\t\t<div class=\"elementor-element elementor-element-25fc257 elementor-drop-cap-yes elementor-drop-cap-view-default elementor-widget elementor-widget-text-editor\" data-id=\"25fc257\" data-element_type=\"widget\" data-settings=\"{&quot;drop_cap&quot;:&quot;yes&quot;}\" data-widget_type=\"text-editor.default\">\n\t\t\t\t<div class=\"elementor-widget-container\">\n\t\t\t\t\t\t\t\t\t<p>El British Council reconoci\u00f3 dentro de los 20 finalistas del Active Citizens: Emprendimiento Social por M\u00e9xico al proyecto &#8220;Coraz\u00f3n Verde (Producci\u00f3n forestal de peque\u00f1a escala para la mitigaci\u00f3n de cambio clim\u00e1tico)&#8221;, propuesta con enfoque de g\u00e9nero impulsada por cient\u00edficos del Centro de Investigaci\u00f3n de Biotecnolog\u00eda Aplicada (CIBA), Unidad Tlaxcala.<\/p>\n<p>Esta iniciativa de acci\u00f3n social del Polit\u00e9cnico, cuyo objetivo es generar un modelo sustentable para la recuperaci\u00f3n de la masa forestal con la integraci\u00f3n de las personas, destac\u00f3 entre m\u00e1s de 600 ideas de ciudadanos emprendedores como producto influyente y de liderazgo.<\/p><p>Al respecto, la Doctora en Ciencias, Ang\u00e9lica del Carmen Ruiz Font, l\u00edder de la iniciativa, coment\u00f3 que se busca recuperar y multiplicar la biodiversidad para garantizar la seguridad alimentaria, a trav\u00e9s de la participaci\u00f3n de la mujer como factor clave en el proceso. A\u00f1adi\u00f3 que aprovech\u00f3 una convocatoria del Conacyt e Inmujeres para presentar la propuesta con enfoque de g\u00e9nero y democratizar el conocimiento polit\u00e9cnico.<\/p>\t\t\t\t\t\t\t\t<\/div>\n\t\t\t\t<\/div>\n\t\t\t\t\t<\/div>\n\t\t<\/div>\n\t\t\t\t\t<\/div>\n\t\t<\/section>\n\t\t\t\t<section class=\"elementor-section elementor-top-section elementor-element elementor-element-a408318 elementor-section-stretched elementor-section-boxed elementor-section-height-default elementor-section-height-default\" data-id=\"a408318\" data-element_type=\"section\" data-settings=\"{&quot;stretch_section&quot;:&quot;section-stretched&quot;}\">\n\t\t\t\t\t\t\t<div class=\"elementor-background-overlay\"><\/div>\n\t\t\t\t\t\t\t<div class=\"elementor-container elementor-column-gap-default\">\n\t\t\t\t\t<div class=\"elementor-column elementor-col-100 elementor-top-column elementor-element elementor-element-b7c97e7\" data-id=\"b7c97e7\" data-element_type=\"column\">\n\t\t\t<div class=\"elementor-widget-wrap elementor-element-populated\">\n\t\t\t\t\t\t<div class=\"elementor-element elementor-element-89febef elementor-widget elementor-widget-image\" data-id=\"89febef\" data-element_type=\"widget\" data-widget_type=\"image.default\">\n\t\t\t\t<div class=\"elementor-widget-container\">\n\t\t\t\t\t\t\t\t\t\t\t\t\t\t\t<img fetchpriority=\"high\" decoding=\"async\" width=\"509\" height=\"351\" src=\"https:\/\/bioeconomyinnovation.com\/wp-content\/uploads\/2022\/11\/Foto-Forestal.jpg\" class=\"attachment-large size-large wp-image-1274\" alt=\"\" srcset=\"https:\/\/bioeconomyinnovation.com\/wp-content\/uploads\/2022\/11\/Foto-Forestal.jpg 509w, https:\/\/bioeconomyinnovation.com\/wp-content\/uploads\/2022\/11\/Foto-Forestal-300x207.jpg 300w\" sizes=\"(max-width: 509px) 100vw, 509px\" \/>\t\t\t\t\t\t\t\t\t\t\t\t\t\t\t<\/div>\n\t\t\t\t<\/div>\n\t\t\t\t\t<\/div>\n\t\t<\/div>\n\t\t\t\t\t<\/div>\n\t\t<\/section>\n\t\t\t\t<section class=\"elementor-section elementor-top-section elementor-element elementor-element-fa648d1 elementor-section-full_width elementor-section-stretched elementor-section-height-default elementor-section-height-default\" data-id=\"fa648d1\" data-element_type=\"section\" data-settings=\"{&quot;stretch_section&quot;:&quot;section-stretched&quot;,&quot;background_background&quot;:&quot;classic&quot;}\">\n\t\t\t\t\t\t\t<div class=\"elementor-background-overlay\"><\/div>\n\t\t\t\t\t\t\t<div class=\"elementor-container elementor-column-gap-default\">\n\t\t\t\t\t<div class=\"elementor-column elementor-col-100 elementor-top-column elementor-element elementor-element-5b7a5c8\" data-id=\"5b7a5c8\" data-element_type=\"column\">\n\t\t\t<div class=\"elementor-widget-wrap elementor-element-populated\">\n\t\t\t\t\t\t<div class=\"elementor-element elementor-element-84711a4 elementor-widget elementor-widget-text-editor\" data-id=\"84711a4\" data-element_type=\"widget\" data-widget_type=\"text-editor.default\">\n\t\t\t\t<div class=\"elementor-widget-container\">\n\t\t\t\t\t\t\t\t\t<p><strong>RIQUEZA AMBIENTAL, SOCIAL Y COMUNITARIA<\/strong><\/p><p>La doctora Ang\u00e9lica del Carmen Ruiz Font, investigadora del CIBA Tlaxcala, expres\u00f3 que M\u00e9xico es uno de los pa\u00edses con m\u00e1s alta diversidad a nivel mundial que alberga a 26 mil especies de plantas, sin embargo, el cambio clim\u00e1tico ha provocado da\u00f1os significativos a todos los ecosistemas.<\/p><p>A trav\u00e9s de la denominada Unidad M\u00ednima Forestal, los cient\u00edficos del CIBA Tlaxcala emprenden el proyecto de desarrollo comunitario. Primero integran grupos interesados en ecolog\u00eda, bosques, plantas, \u00e1rboles frutales, entre otros aspectos relacionados, y detectan a las mujeres para dirigir las Unidades.<\/p><p>La doctora en Manejo de Recursos y Biotecnolog\u00eda expres\u00f3 que en las t\u00e9cnicas para el cuidado del bosque y para colecta de germoplasma se ense\u00f1a a los pobladores de forma pr\u00e1ctica c\u00f3mo armar la Unidad M\u00ednima Forestal, lo que les permite contar con una entidad productiva de la cual se deben hacer cargo.<\/p><p>Destac\u00f3 que la expectativa del proyecto es que evolucione, se modifique para que logre el objetivo de que mediante patrocinios se puedan establecer al menos 500 unidades en el pa\u00eds para recuperar las especies de con\u00edferas end\u00e9micas de M\u00e9xico.<\/p>\t\t\t\t\t\t\t\t<\/div>\n\t\t\t\t<\/div>\n\t\t\t\t<section class=\"elementor-section elementor-inner-section elementor-element elementor-element-5c85fab elementor-section-full_width elementor-section-height-default elementor-section-height-default\" data-id=\"5c85fab\" data-element_type=\"section\">\n\t\t\t\t\t\t<div class=\"elementor-container elementor-column-gap-no\">\n\t\t\t\t\t<div class=\"elementor-column elementor-col-50 elementor-inner-column elementor-element elementor-element-8ef57fb\" data-id=\"8ef57fb\" data-element_type=\"column\">\n\t\t\t<div class=\"elementor-widget-wrap elementor-element-populated\">\n\t\t\t\t\t\t<div class=\"elementor-element elementor-element-4216b71 elementor-widget elementor-widget-image\" data-id=\"4216b71\" data-element_type=\"widget\" data-widget_type=\"image.default\">\n\t\t\t\t<div class=\"elementor-widget-container\">\n\t\t\t\t\t\t\t\t\t\t\t\t\t\t\t<img decoding=\"async\" width=\"561\" height=\"372\" src=\"https:\/\/bioeconomyinnovation.com\/wp-content\/uploads\/2022\/11\/Foto-Forestal-2.jpg\" class=\"attachment-large size-large wp-image-1288\" alt=\"\" srcset=\"https:\/\/bioeconomyinnovation.com\/wp-content\/uploads\/2022\/11\/Foto-Forestal-2.jpg 561w, https:\/\/bioeconomyinnovation.com\/wp-content\/uploads\/2022\/11\/Foto-Forestal-2-300x199.jpg 300w\" sizes=\"(max-width: 561px) 100vw, 561px\" \/>\t\t\t\t\t\t\t\t\t\t\t\t\t\t\t<\/div>\n\t\t\t\t<\/div>\n\t\t\t\t\t<\/div>\n\t\t<\/div>\n\t\t\t\t<div class=\"elementor-column elementor-col-50 elementor-inner-column elementor-element elementor-element-4881373\" data-id=\"4881373\" data-element_type=\"column\">\n\t\t\t<div class=\"elementor-widget-wrap elementor-element-populated\">\n\t\t\t\t\t\t<div class=\"elementor-element elementor-element-9df743a elementor-widget elementor-widget-image\" data-id=\"9df743a\" data-element_type=\"widget\" data-widget_type=\"image.default\">\n\t\t\t\t<div class=\"elementor-widget-container\">\n\t\t\t\t\t\t\t\t\t\t\t\t\t\t\t<img decoding=\"async\" width=\"560\" height=\"372\" src=\"https:\/\/bioeconomyinnovation.com\/wp-content\/uploads\/2022\/11\/Foto-Forestal-3.jpg\" class=\"attachment-large size-large wp-image-1289\" alt=\"\" srcset=\"https:\/\/bioeconomyinnovation.com\/wp-content\/uploads\/2022\/11\/Foto-Forestal-3.jpg 560w, https:\/\/bioeconomyinnovation.com\/wp-content\/uploads\/2022\/11\/Foto-Forestal-3-300x199.jpg 300w\" sizes=\"(max-width: 560px) 100vw, 560px\" \/>\t\t\t\t\t\t\t\t\t\t\t\t\t\t\t<\/div>\n\t\t\t\t<\/div>\n\t\t\t\t\t<\/div>\n\t\t<\/div>\n\t\t\t\t\t<\/div>\n\t\t<\/section>\n\t\t\t\t\t<\/div>\n\t\t<\/div>\n\t\t\t\t\t<\/div>\n\t\t<\/section>\n\t\t\t\t<section class=\"elementor-section elementor-top-section elementor-element elementor-element-79bbd35 elementor-section-full_width elementor-section-stretched elementor-section-height-default elementor-section-height-default\" data-id=\"79bbd35\" data-element_type=\"section\" data-settings=\"{&quot;stretch_section&quot;:&quot;section-stretched&quot;,&quot;background_background&quot;:&quot;classic&quot;}\">\n\t\t\t\t\t\t\t<div class=\"elementor-background-overlay\"><\/div>\n\t\t\t\t\t\t\t<div class=\"elementor-container elementor-column-gap-default\">\n\t\t\t\t\t<div class=\"elementor-column elementor-col-100 elementor-top-column elementor-element elementor-element-3822f0a\" data-id=\"3822f0a\" data-element_type=\"column\">\n\t\t\t<div class=\"elementor-widget-wrap elementor-element-populated\">\n\t\t\t\t\t\t<div class=\"elementor-element elementor-element-8021298 elementor-widget elementor-widget-text-editor\" data-id=\"8021298\" data-element_type=\"widget\" data-widget_type=\"text-editor.default\">\n\t\t\t\t<div class=\"elementor-widget-container\">\n\t\t\t\t\t\t\t\t\t<p><strong>LIDERAZGO SOCIAL<\/strong><\/p><p>Como finalista del &#8220;Active Citizens: Emprendimiento Social por M\u00e9xico&#8221;, el British Council otorg\u00f3 a la Doctora Ruiz Font la capacitaci\u00f3n como Facilitadora para el liderazgo social, lo que le permite multiplicar la metodolog\u00eda British Council que tiene reconocimiento internacional.<\/p><p>En este proyecto colaboraron los alumnos de posgrado en Biotecnolog\u00eda Productiva del IPN, Mar\u00eda Elena Campos, Gabriel S\u00e1nchez, Flor Melo y Germ\u00e1n L\u00f3pez, as\u00ed como el estudiante de posgrado en Psicolog\u00eda laboral de la Universidad Popular Aut\u00f3noma del Estado de Puebla, Bruno S\u00e1nchez.<\/p><p><em>\u00a0<\/em><\/p><p><em>Felisa Guzm\u00e1n<\/em><\/p><p><em>Fuente: Gaceta Polit\u00e9cnica, n\u00famero 145. 31 de diciembre de 2021, A\u00f1o XIII, vol. 13.<\/em><\/p>\t\t\t\t\t\t\t\t<\/div>\n\t\t\t\t<\/div>\n\t\t\t\t\t<\/div>\n\t\t<\/div>\n\t\t\t\t\t<\/div>\n\t\t<\/section>\n\t\t\t\t<\/div>\n\t\t","protected":false},"excerpt":{"rendered":"<p>El British Council reconoci\u00f3 dentro de los 20 finalistas del Active Citizens: Emprendimiento Social por&#8230;<\/p>\n","protected":false},"author":2,"featured_media":0,"parent":0,"menu_order":0,"comment_status":"closed","ping_status":"closed","template":"","meta":{"footnotes":""},"_links":{"self":[{"href":"https:\/\/bioeconomyinnovation.com\/index.php\/wp-json\/wp\/v2\/pages\/343"}],"collection":[{"href":"https:\/\/bioeconomyinnovation.com\/index.php\/wp-json\/wp\/v2\/pages"}],"about":[{"href":"https:\/\/bioeconomyinnovation.com\/index.php\/wp-json\/wp\/v2\/types\/page"}],"author":[{"embeddable":true,"href":"https:\/\/bioeconomyinnovation.com\/index.php\/wp-json\/wp\/v2\/users\/2"}],"replies":[{"embeddable":true,"href":"https:\/\/bioeconomyinnovation.com\/index.php\/wp-json\/wp\/v2\/comments?post=343"}],"version-history":[{"count":57,"href":"https:\/\/bioeconomyinnovation.com\/index.php\/wp-json\/wp\/v2\/pages\/343\/revisions"}],"predecessor-version":[{"id":1320,"href":"https:\/\/bioeconomyinnovation.com\/index.php\/wp-json\/wp\/v2\/pages\/343\/revisions\/1320"}],"wp:attachment":[{"href":"https:\/\/bioeconomyinnovation.com\/index.php\/wp-json\/wp\/v2\/media?parent=343"}],"curies":[{"name":"wp","href":"https:\/\/api.w.org\/{rel}","templated":true}]}}