{"id":35,"date":"2016-11-29T01:21:42","date_gmt":"2016-11-29T01:21:42","guid":{"rendered":"https:\/\/oceanwp.org\/stylish\/?page_id=35"},"modified":"2021-12-10T06:27:23","modified_gmt":"2021-12-10T06:27:23","slug":"about","status":"publish","type":"page","link":"https:\/\/bioeconomyinnovation.com\/index.php\/about\/","title":{"rendered":"Qui\u00e9nes somos"},"content":{"rendered":"\t\t<div data-elementor-type=\"wp-page\" data-elementor-id=\"35\" class=\"elementor elementor-35\">\n\t\t\t\t\t\t<section class=\"elementor-section elementor-top-section elementor-element elementor-element-41ae47d7 elementor-section-content-middle elementor-section-boxed elementor-section-height-default elementor-section-height-default\" data-id=\"41ae47d7\" data-element_type=\"section\">\n\t\t\t\t\t\t<div class=\"elementor-container elementor-column-gap-no\">\n\t\t\t\t\t<div class=\"elementor-column elementor-col-100 elementor-top-column elementor-element elementor-element-316b1b67\" data-id=\"316b1b67\" data-element_type=\"column\">\n\t\t\t<div class=\"elementor-widget-wrap elementor-element-populated\">\n\t\t\t\t\t\t<div class=\"elementor-element elementor-element-5bf88feb elementor-widget elementor-widget-heading\" data-id=\"5bf88feb\" data-element_type=\"widget\" data-widget_type=\"heading.default\">\n\t\t\t\t<div class=\"elementor-widget-container\">\n\t\t\t\t\t<h4 class=\"elementor-heading-title elementor-size-default\">Angelica Ruiz Font, PhD, Natural Resources and Biotechnology.<\/h4>\t\t\t\t<\/div>\n\t\t\t\t<\/div>\n\t\t\t\t\t<\/div>\n\t\t<\/div>\n\t\t\t\t\t<\/div>\n\t\t<\/section>\n\t\t\t\t<section class=\"elementor-section elementor-top-section elementor-element elementor-element-a14569d elementor-section-boxed elementor-section-height-default elementor-section-height-default\" data-id=\"a14569d\" data-element_type=\"section\">\n\t\t\t\t\t\t<div class=\"elementor-container elementor-column-gap-default\">\n\t\t\t\t\t<div class=\"elementor-column elementor-col-50 elementor-top-column elementor-element elementor-element-fb1d1b8\" data-id=\"fb1d1b8\" data-element_type=\"column\">\n\t\t\t<div class=\"elementor-widget-wrap elementor-element-populated\">\n\t\t\t\t\t\t<div class=\"elementor-element elementor-element-28d6e61 elementor-widget elementor-widget-image\" data-id=\"28d6e61\" data-element_type=\"widget\" data-widget_type=\"image.default\">\n\t\t\t\t<div class=\"elementor-widget-container\">\n\t\t\t\t\t\t\t\t\t\t\t\t<figure class=\"wp-caption\">\n\t\t\t\t\t\t\t\t\t\t<img fetchpriority=\"high\" decoding=\"async\" width=\"640\" height=\"853\" src=\"https:\/\/bioeconomyinnovation.com\/wp-content\/uploads\/2021\/11\/MicrosoftTeams-image-6-768x1024.jpg\" class=\"attachment-medium_large size-medium_large wp-image-433\" alt=\"\" srcset=\"https:\/\/bioeconomyinnovation.com\/wp-content\/uploads\/2021\/11\/MicrosoftTeams-image-6-768x1024.jpg 768w, https:\/\/bioeconomyinnovation.com\/wp-content\/uploads\/2021\/11\/MicrosoftTeams-image-6-225x300.jpg 225w, https:\/\/bioeconomyinnovation.com\/wp-content\/uploads\/2021\/11\/MicrosoftTeams-image-6-1152x1536.jpg 1152w, https:\/\/bioeconomyinnovation.com\/wp-content\/uploads\/2021\/11\/MicrosoftTeams-image-6-1536x2048.jpg 1536w, https:\/\/bioeconomyinnovation.com\/wp-content\/uploads\/2021\/11\/MicrosoftTeams-image-6-45x60.jpg 45w, https:\/\/bioeconomyinnovation.com\/wp-content\/uploads\/2021\/11\/MicrosoftTeams-image-6-scaled.jpg 1920w\" sizes=\"(max-width: 640px) 100vw, 640px\" \/>\t\t\t\t\t\t\t\t\t\t\t<figcaption class=\"widget-image-caption wp-caption-text\">Dra. Ang\u00e9lica Ruiz Font<\/figcaption>\n\t\t\t\t\t\t\t\t\t\t<\/figure>\n\t\t\t\t\t\t\t\t\t<\/div>\n\t\t\t\t<\/div>\n\t\t\t\t\t<\/div>\n\t\t<\/div>\n\t\t\t\t<div class=\"elementor-column elementor-col-50 elementor-top-column elementor-element elementor-element-aee7bfe\" data-id=\"aee7bfe\" data-element_type=\"column\">\n\t\t\t<div class=\"elementor-widget-wrap elementor-element-populated\">\n\t\t\t\t\t\t<div class=\"elementor-element elementor-element-4102fec3 elementor-widget elementor-widget-text-editor\" data-id=\"4102fec3\" data-element_type=\"widget\" data-widget_type=\"text-editor.default\">\n\t\t\t\t<div class=\"elementor-widget-container\">\n\t\t\t\t\t\t\t\t\t<p><span data-contrast=\"auto\">Mi objetivo es desarrollar una comunidad consciente, una comunidad incluyente\u00a0e interdisciplinaria\u00a0para proteger,\u00a0analizar\u00a0y\u00a0usar con sostenibilidad los recursos naturales.\u00a0<\/span><span data-ccp-props=\"{&quot;201341983&quot;:0,&quot;335559739&quot;:160,&quot;335559740&quot;:259}\">\u00a0<\/span><\/p><p><span data-contrast=\"auto\">En especial me he enfocado en bacterias y hongos, en las comunidades microbianas (el microbioma), los cuales son los\u00a0\u201cdrivers\u201d en muchas\u00a0funciones, escenarios\u00a0naturales y antr\u00f3picos.\u00a0Desde\u00a0c\u00f3mo\u00a0funcionan en la biosfera hasta las aplicaciones industriales y biotecnol\u00f3gicas, teniendo como fin\u00a0\u00faltimo\u00a0la salud y el\u00a0bienestar de la\u00a0poblaci\u00f3n.\u00a0<\/span><span data-ccp-props=\"{&quot;201341983&quot;:0,&quot;335559739&quot;:160,&quot;335559740&quot;:259}\">\u00a0<\/span><\/p><p><span data-contrast=\"auto\">Este laboratorio tiene por objetivo el estudio de tecnolog\u00edas de la biolog\u00eda\u00a0molecular\u00a0y la biolog\u00eda sint\u00e9tica,\u00a0teniendo\u00a0como modelo de estudio el microbioma bajo diferentes ambientes (interacci\u00f3n\u00a0planta-mo, hidrocarburos-mo, piel-mo, residuos-mo) para tratar de entender las reglas que gobiernan el ensamblaje de las comunidades microbiomas con los sistemas superiores.\u00a0<\/span><span data-ccp-props=\"{&quot;201341983&quot;:0,&quot;335559739&quot;:160,&quot;335559740&quot;:259}\">\u00a0<\/span><\/p><p><span data-contrast=\"auto\">Estas reglas ayudar\u00e1n a entender como ellas funcionan, como este conocimiento nos ayuda a predecir disturbios (enti\u00e9ndase por disturbio a una plaga, una enfermedad, pandemia, contaminaci\u00f3n, etc.) y como su regulaci\u00f3n puede ser la base de desarrollos tecnol\u00f3gicos susceptibles de protecci\u00f3n intelectual e industrial.<\/span><\/p>\t\t\t\t\t\t\t\t<\/div>\n\t\t\t\t<\/div>\n\t\t\t\t\t<\/div>\n\t\t<\/div>\n\t\t\t\t\t<\/div>\n\t\t<\/section>\n\t\t\t\t<\/div>\n\t\t","protected":false},"excerpt":{"rendered":"<p>Angelica Ruiz Font, PhD, Natural Resources and Biotechnology. Dra. Ang\u00e9lica Ruiz Font Mi objetivo es&#8230;<\/p>\n","protected":false},"author":1,"featured_media":0,"parent":0,"menu_order":0,"comment_status":"closed","ping_status":"closed","template":"","meta":{"footnotes":""},"_links":{"self":[{"href":"https:\/\/bioeconomyinnovation.com\/index.php\/wp-json\/wp\/v2\/pages\/35"}],"collection":[{"href":"https:\/\/bioeconomyinnovation.com\/index.php\/wp-json\/wp\/v2\/pages"}],"about":[{"href":"https:\/\/bioeconomyinnovation.com\/index.php\/wp-json\/wp\/v2\/types\/page"}],"author":[{"embeddable":true,"href":"https:\/\/bioeconomyinnovation.com\/index.php\/wp-json\/wp\/v2\/users\/1"}],"replies":[{"embeddable":true,"href":"https:\/\/bioeconomyinnovation.com\/index.php\/wp-json\/wp\/v2\/comments?post=35"}],"version-history":[{"count":22,"href":"https:\/\/bioeconomyinnovation.com\/index.php\/wp-json\/wp\/v2\/pages\/35\/revisions"}],"predecessor-version":[{"id":561,"href":"https:\/\/bioeconomyinnovation.com\/index.php\/wp-json\/wp\/v2\/pages\/35\/revisions\/561"}],"wp:attachment":[{"href":"https:\/\/bioeconomyinnovation.com\/index.php\/wp-json\/wp\/v2\/media?parent=35"}],"curies":[{"name":"wp","href":"https:\/\/api.w.org\/{rel}","templated":true}]}}