{"id":353,"date":"2021-11-18T01:14:29","date_gmt":"2021-11-18T01:14:29","guid":{"rendered":"https:\/\/bioeconomyinnovation.com\/?page_id=353"},"modified":"2024-09-07T00:47:40","modified_gmt":"2024-09-07T00:47:40","slug":"r","status":"publish","type":"page","link":"https:\/\/bioeconomyinnovation.com\/index.php\/r\/","title":{"rendered":"R"},"content":{"rendered":"\t\t<div data-elementor-type=\"wp-page\" data-elementor-id=\"353\" class=\"elementor elementor-353\">\n\t\t\t\t\t\t<section class=\"elementor-section elementor-top-section elementor-element elementor-element-34116e5b elementor-section-boxed elementor-section-height-default elementor-section-height-default\" data-id=\"34116e5b\" data-element_type=\"section\">\n\t\t\t\t\t\t<div class=\"elementor-container elementor-column-gap-default\">\n\t\t\t\t\t<div class=\"elementor-column elementor-col-100 elementor-top-column elementor-element elementor-element-66a4f367\" data-id=\"66a4f367\" data-element_type=\"column\">\n\t\t\t<div class=\"elementor-widget-wrap elementor-element-populated\">\n\t\t\t\t\t\t<div class=\"elementor-element elementor-element-178b2dee elementor-widget elementor-widget-text-editor\" data-id=\"178b2dee\" data-element_type=\"widget\" data-widget_type=\"text-editor.default\">\n\t\t\t\t<div class=\"elementor-widget-container\">\n\t\t\t\t\t\t\t\t\t<p><\/p>\n<p><strong>INTRODUCCI\u00d3N A LA PROGRAMACI\u00d3N CON R<\/strong> <img decoding=\"async\" class=\"emoji\" role=\"img\" draggable=\"false\" src=\"https:\/\/s.w.org\/images\/core\/emoji\/14.0.0\/svg\/1f4bb.svg\" alt=\"\ud83d\udcbb\" \/><\/p>\n<p><\/p>\n<p><\/p>\n<div class=\"wp-block-columns is-layout-flex wp-container-core-columns-is-layout-2 wp-block-columns-is-layout-flex\">\n<p><\/p>\n<div class=\"wp-block-column is-layout-flow wp-block-column-is-layout-flow\">\n<p><\/p>\n<figure class=\"wp-block-image alignleft size-large\"><img fetchpriority=\"high\" decoding=\"async\" width=\"1024\" height=\"512\" class=\"wp-image-1164\" src=\"https:\/\/bioeconomyinnovation.com\/wp-content\/uploads\/2022\/06\/Imagen-1-3-1024x512.jpg\" alt=\"\" srcset=\"https:\/\/bioeconomyinnovation.com\/wp-content\/uploads\/2022\/06\/Imagen-1-3-1024x512.jpg 1024w, https:\/\/bioeconomyinnovation.com\/wp-content\/uploads\/2022\/06\/Imagen-1-3-300x150.jpg 300w, https:\/\/bioeconomyinnovation.com\/wp-content\/uploads\/2022\/06\/Imagen-1-3-768x384.jpg 768w, https:\/\/bioeconomyinnovation.com\/wp-content\/uploads\/2022\/06\/Imagen-1-3-1536x768.jpg 1536w, https:\/\/bioeconomyinnovation.com\/wp-content\/uploads\/2022\/06\/Imagen-1-3-2048x1024.jpg 2048w\" sizes=\"(max-width: 1024px) 100vw, 1024px\" \/><\/figure>\n<p><\/p>\n<\/div>\n<p><\/p>\n<p><\/p>\n<div class=\"wp-block-column is-layout-flow wp-block-column-is-layout-flow\">\n<p><\/p>\n<p>\u00a1Bienvenidas y bienvenidos! En esta p\u00e1gina encontrar\u00e1n los contenidos de programaci\u00f3n con R para el Curso B\u00e1sico de R, por parte del CIBA Tlaxcala. Este curso es parte del programa de difusi\u00f3n cient\u00edfica encabezado por la Dra. Angelica Del Carmen Ruiz Font, con la finalidad de facilitar el aprendizaje de dicho lenguaje de programaci\u00f3n, y poder hacer uso de sus herramientas en el campo de la Bioinform\u00e1tica.<img decoding=\"async\" class=\"emoji\" role=\"img\" draggable=\"false\" src=\"https:\/\/s.w.org\/images\/core\/emoji\/14.0.0\/svg\/1f9eb.svg\" alt=\"\ud83e\uddeb\" \/><\/p>\n<p><\/p>\n<\/div>\n<p><\/p>\n<\/div>\n<p><\/p>\n<p><\/p>\n<h2 class=\"wp-block-heading\">CONTENIDO<\/h2>\n<p><\/p>\n<p><\/p>\n<p>Este es un peque\u00f1o curso para todas las personas que desean aprender a programar en el lenguaje R, abarca los temas m\u00e1s b\u00e1sicos, hasta enfocarnos en aplicaciones en el mundo de la bioinform\u00e1tica. <img decoding=\"async\" class=\"emoji\" role=\"img\" draggable=\"false\" src=\"https:\/\/s.w.org\/images\/core\/emoji\/14.0.0\/svg\/1f9ec.svg\" alt=\"\ud83e\uddec\" \/><\/p>\n<p><\/p>\n<p><\/p>\n<figure class=\"wp-block-table\">\n<table>\n<thead>\n<tr>\n<th>TEMAS<\/th>\n<th>GOOGLE COLAB<\/th>\n<\/tr>\n<\/thead>\n<tbody>\n<tr>\n<td>\u2023 Bienvenida<\/td>\n<td><a href=\"https:\/\/colab.research.google.com\/drive\/15Yz55D3Sy7p6RhxoMFm1xw91Hod6Gox9\" target=\"_blank\" rel=\"noreferrer noopener\">Archivo Bienvenida<\/a><\/td>\n<\/tr>\n<tr>\n<td>\u2023 Introducci\u00f3n<\/td>\n<td><a href=\"https:\/\/colab.research.google.com\/drive\/14H0ma341lEcVQj4nW0AwGrBfdTQYtNZA#scrollTo=ca3e73dc\" target=\"_blank\" rel=\"noreferrer noopener\">Archivo de Introducci\u00f3n<\/a><\/td>\n<\/tr>\n<tr>\n<td>\u2023 Estructuras de Datos<\/td>\n<td><a href=\"https:\/\/colab.research.google.com\/drive\/1gRWyHYGSDrr2pAw2i7j-OFjw-sZ-__gc\" target=\"_blank\" rel=\"noreferrer noopener\">Archivo Estructuras de datos<\/a><\/td>\n<\/tr>\n<tr>\n<td>\u2023 Manejo de Datos<\/td>\n<td><a href=\"https:\/\/colab.research.google.com\/drive\/1n0HPI-6kR6XMxdABMxWdhjXeq4puFsB2?hl=es\" target=\"_blank\" rel=\"noreferrer noopener\">Archivo Manejo de datos<\/a><\/td>\n<\/tr>\n<tr>\n<td>\u2023 Programaci\u00f3n<\/td>\n<td><a href=\"https:\/\/colab.research.google.com\/drive\/1edb6hdGeICZu2gGoYDjoQsMz-sTCJ37v?hl=es\" target=\"_blank\" rel=\"noreferrer noopener\">Archivo Funciones<\/a><\/td>\n<\/tr>\n<tr>\n<td>\u2023 Importar y exportar datos<\/td>\n<td><a href=\"https:\/\/colab.research.google.com\/drive\/1imkqG_XsQcv--bP-XFlf7QHkkCN1nQsS\" target=\"_blank\" rel=\"noreferrer noopener\">Archivo exportacion e importaci\u00f3n de datos<\/a><\/td>\n<\/tr>\n<tr>\n<td>\u2023 Bioinform\u00e1tica<\/td>\n<td><a href=\"https:\/\/colab.research.google.com\/drive\/1vQZw-EaH9EcYDMtFFIkJb8N2vF4ukoOP?hl=es#scrollTo=40da49ec\" target=\"_blank\" rel=\"noreferrer noopener\">Archivo Bioinform\u00e1tica<\/a><\/td>\n<\/tr>\n<\/tbody>\n<\/table>\n<figcaption>Tabla con temas y link directos<\/figcaption>\n<\/figure>\n<p><\/p>\n<p><\/p>\n<h1 class=\"wp-block-heading\">Ejecutar C\u00f3digo<\/h1>\n<p><\/p>\n<p><\/p>\n<p>Para ejecutar el c\u00f3digo, basta con abrir la COLAB NOTEBOOK y compilar el programa desde un entorno de ejecuci\u00f3n local, alojado o bien una maquina virtual.<\/p>\n<p><\/p>\t\t\t\t\t\t\t\t<\/div>\n\t\t\t\t<\/div>\n\t\t\t\t\t<\/div>\n\t\t<\/div>\n\t\t\t\t\t<\/div>\n\t\t<\/section>\n\t\t\t\t<\/div>\n\t\t","protected":false},"excerpt":{"rendered":"<p>INTRODUCCI\u00d3N A LA PROGRAMACI\u00d3N CON R \u00a1Bienvenidas y bienvenidos! En esta p\u00e1gina encontrar\u00e1n los contenidos&#8230;<\/p>\n","protected":false},"author":2,"featured_media":0,"parent":0,"menu_order":0,"comment_status":"closed","ping_status":"closed","template":"","meta":{"footnotes":""},"_links":{"self":[{"href":"https:\/\/bioeconomyinnovation.com\/index.php\/wp-json\/wp\/v2\/pages\/353"}],"collection":[{"href":"https:\/\/bioeconomyinnovation.com\/index.php\/wp-json\/wp\/v2\/pages"}],"about":[{"href":"https:\/\/bioeconomyinnovation.com\/index.php\/wp-json\/wp\/v2\/types\/page"}],"author":[{"embeddable":true,"href":"https:\/\/bioeconomyinnovation.com\/index.php\/wp-json\/wp\/v2\/users\/2"}],"replies":[{"embeddable":true,"href":"https:\/\/bioeconomyinnovation.com\/index.php\/wp-json\/wp\/v2\/comments?post=353"}],"version-history":[{"count":16,"href":"https:\/\/bioeconomyinnovation.com\/index.php\/wp-json\/wp\/v2\/pages\/353\/revisions"}],"predecessor-version":[{"id":1570,"href":"https:\/\/bioeconomyinnovation.com\/index.php\/wp-json\/wp\/v2\/pages\/353\/revisions\/1570"}],"wp:attachment":[{"href":"https:\/\/bioeconomyinnovation.com\/index.php\/wp-json\/wp\/v2\/media?parent=353"}],"curies":[{"name":"wp","href":"https:\/\/api.w.org\/{rel}","templated":true}]}}