{"id":462,"date":"2021-12-03T18:41:18","date_gmt":"2021-12-03T18:41:18","guid":{"rendered":"https:\/\/bioeconomyinnovation.com\/?page_id=462"},"modified":"2025-01-03T20:31:16","modified_gmt":"2025-01-03T20:31:16","slug":"base-de-datos","status":"publish","type":"page","link":"https:\/\/bioeconomyinnovation.com\/index.php\/base-de-datos\/","title":{"rendered":"Base de datos"},"content":{"rendered":"\t\t<div data-elementor-type=\"wp-page\" data-elementor-id=\"462\" class=\"elementor elementor-462\">\n\t\t\t\t\t\t<section class=\"elementor-section elementor-top-section elementor-element elementor-element-15709d5a elementor-section-content-middle elementor-section-boxed elementor-section-height-default elementor-section-height-default\" data-id=\"15709d5a\" data-element_type=\"section\">\n\t\t\t\t\t\t<div class=\"elementor-container elementor-column-gap-no\">\n\t\t\t\t\t<div class=\"elementor-column elementor-col-100 elementor-top-column elementor-element elementor-element-3548d011\" data-id=\"3548d011\" data-element_type=\"column\">\n\t\t\t<div class=\"elementor-widget-wrap elementor-element-populated\">\n\t\t\t\t\t\t<div class=\"elementor-element elementor-element-1efc6363 elementor-widget elementor-widget-heading\" data-id=\"1efc6363\" data-element_type=\"widget\" data-widget_type=\"heading.default\">\n\t\t\t\t<div class=\"elementor-widget-container\">\n\t\t\t\t\t<h4 class=\"elementor-heading-title elementor-size-default\">Microbioma Integrado de arvenses extrem\u00f3filas (MIAE)<\/h4>\t\t\t\t<\/div>\n\t\t\t\t<\/div>\n\t\t\t\t<div class=\"elementor-element elementor-element-4dd8d1c8 elementor-widget elementor-widget-text-editor\" data-id=\"4dd8d1c8\" data-element_type=\"widget\" data-widget_type=\"text-editor.default\">\n\t\t\t\t<div class=\"elementor-widget-container\">\n\t\t\t\t\t\t\t\t\t<p><span data-contrast=\"auto\">Este repositorio de secuencias\u00a0gen\u00e9ticas\u00a0es de acceso abierto (<\/span><i><span data-contrast=\"auto\">Open Access<\/span><\/i><span data-contrast=\"auto\">) y\u00a0los datos que\u00a0all\u00ed\u00a0se albergan han sido generados\u00a0por el\u00a0Laboratorio de\u00a0Bioprospecci\u00f3n\u00a0bajo la responsabilidad de la Dra. Angelica Ruiz Font.\u00a0<\/span><span data-ccp-props=\"{&quot;201341983&quot;:0,&quot;335559739&quot;:160,&quot;335559740&quot;:259}\">\u00a0<\/span><\/p><p><span data-contrast=\"auto\">La misi\u00f3n de esta base de datos es contar con un espacio para la integraci\u00f3n\u00a0sistem\u00e1tica\u00a0del genoma microbiano y del microbioma, para dar soporte al proceso de\u00a0anotaci\u00f3n, de an\u00e1lisis y distribuci\u00f3n de acuerdo con las normas internacionales para que en su momento sea parte de los repositorios internacionales que existen para este objetivo.\u00a0<\/span><span data-ccp-props=\"{&quot;201341983&quot;:0,&quot;335559739&quot;:160,&quot;335559740&quot;:259}\">\u00a0<\/span><\/p><p><span data-contrast=\"auto\">El MIAE est\u00e1 abierto a cient\u00edficos de M\u00e9xico y el mundo\u00a0que\u00a0est\u00e9n\u00a0interesados\u00a0utilizar las bases de datos y herramientas de este sitio para aplicarlos en los\u00a0an\u00e1lisis\u00a0de sus propias bases de datos.\u00a0<\/span><span data-ccp-props=\"{&quot;201341983&quot;:0,&quot;335559739&quot;:160,&quot;335559740&quot;:259}\">\u00a0<\/span><\/p><p><span data-contrast=\"auto\">El\u00a0an\u00e1lisis\u00a0de datos se realiza bajo\u00a0licencias\u00a0<\/span><i><span data-contrast=\"auto\">creative\u00a0commons.\u00a0<\/span><\/i><span data-ccp-props=\"{&quot;201341983&quot;:0,&quot;335559739&quot;:160,&quot;335559740&quot;:259}\">\u00a0<\/span><\/p><p><span data-contrast=\"auto\">Las normas de propiedad intelectual y derechos de autor aplicables es responsabilidad\u00a0\u00fanica\u00a0y exclusivamente de quien utiliza los datos.\u00a0<\/span><span data-ccp-props=\"{&quot;201341983&quot;:0,&quot;335559739&quot;:160,&quot;335559740&quot;:259}\">\u00a0<\/span><\/p>\t\t\t\t\t\t\t\t<\/div>\n\t\t\t\t<\/div>\n\t\t\t\t\t<\/div>\n\t\t<\/div>\n\t\t\t\t\t<\/div>\n\t\t<\/section>\n\t\t\t\t<section class=\"elementor-section elementor-top-section elementor-element elementor-element-dc946a0 elementor-section-boxed elementor-section-height-default elementor-section-height-default\" data-id=\"dc946a0\" data-element_type=\"section\">\n\t\t\t\t\t\t<div class=\"elementor-container elementor-column-gap-default\">\n\t\t\t\t\t<div class=\"elementor-column elementor-col-50 elementor-top-column elementor-element elementor-element-9f12e55\" data-id=\"9f12e55\" data-element_type=\"column\">\n\t\t\t<div class=\"elementor-widget-wrap elementor-element-populated\">\n\t\t\t\t\t\t<div class=\"elementor-element elementor-element-96f6750 elementor-button-success elementor-align-center elementor-widget elementor-widget-button\" data-id=\"96f6750\" data-element_type=\"widget\" data-widget_type=\"button.default\">\n\t\t\t\t<div class=\"elementor-widget-container\">\n\t\t\t\t\t\t\t\t\t<div class=\"elementor-button-wrapper\">\n\t\t\t\t\t<a class=\"elementor-button elementor-button-link elementor-size-lg\" href=\"https:\/\/bioeconomyinnovation.com\/wp-content\/uploads\/2021\/12\/Camera-Report-for-Microbial-diversity-in-chenopods-seeds.xls\" target=\"_blank\">\n\t\t\t\t\t\t<span class=\"elementor-button-content-wrapper\">\n\t\t\t\t\t\t\t\t\t<span class=\"elementor-button-text\">Descarga de hoja de c\u00e1lculo<\/span>\n\t\t\t\t\t<\/span>\n\t\t\t\t\t<\/a>\n\t\t\t\t<\/div>\n\t\t\t\t\t\t\t\t<\/div>\n\t\t\t\t<\/div>\n\t\t\t\t\t<\/div>\n\t\t<\/div>\n\t\t\t\t<div class=\"elementor-column elementor-col-50 elementor-top-column elementor-element elementor-element-a686efc\" data-id=\"a686efc\" data-element_type=\"column\">\n\t\t\t<div class=\"elementor-widget-wrap elementor-element-populated\">\n\t\t\t\t\t\t<div class=\"elementor-element elementor-element-b7b2dc6 elementor-button-success elementor-align-center elementor-widget elementor-widget-button\" data-id=\"b7b2dc6\" data-element_type=\"widget\" data-widget_type=\"button.default\">\n\t\t\t\t<div class=\"elementor-widget-container\">\n\t\t\t\t\t\t\t\t\t<div class=\"elementor-button-wrapper\">\n\t\t\t\t\t<a class=\"elementor-button elementor-button-link elementor-size-lg\" href=\"https:\/\/bioeconomyinnovation.com\/wp-content\/uploads\/2022\/01\/Repositorio.zip\">\n\t\t\t\t\t\t<span class=\"elementor-button-content-wrapper\">\n\t\t\t\t\t\t\t\t\t<span class=\"elementor-button-text\">Descarga de archivos de datos de secuencias<\/span>\n\t\t\t\t\t<\/span>\n\t\t\t\t\t<\/a>\n\t\t\t\t<\/div>\n\t\t\t\t\t\t\t\t<\/div>\n\t\t\t\t<\/div>\n\t\t\t\t\t<\/div>\n\t\t<\/div>\n\t\t\t\t\t<\/div>\n\t\t<\/section>\n\t\t\t\t<section class=\"elementor-section elementor-top-section elementor-element elementor-element-6c808f6 elementor-section-boxed elementor-section-height-default elementor-section-height-default\" data-id=\"6c808f6\" data-element_type=\"section\">\n\t\t\t\t\t\t<div class=\"elementor-container elementor-column-gap-default\">\n\t\t\t\t\t<div class=\"elementor-column elementor-col-100 elementor-top-column elementor-element elementor-element-b9097e7\" data-id=\"b9097e7\" data-element_type=\"column\">\n\t\t\t<div class=\"elementor-widget-wrap elementor-element-populated\">\n\t\t\t\t\t\t\t<\/div>\n\t\t<\/div>\n\t\t\t\t\t<\/div>\n\t\t<\/section>\n\t\t\t\t<section class=\"elementor-section elementor-top-section elementor-element elementor-element-e834eaa elementor-section-boxed elementor-section-height-default elementor-section-height-default\" data-id=\"e834eaa\" data-element_type=\"section\">\n\t\t\t\t\t\t<div class=\"elementor-container elementor-column-gap-default\">\n\t\t\t\t\t<div class=\"elementor-column elementor-col-100 elementor-top-column elementor-element elementor-element-1105232\" data-id=\"1105232\" data-element_type=\"column\">\n\t\t\t<div class=\"elementor-widget-wrap elementor-element-populated\">\n\t\t\t\t\t\t\t<\/div>\n\t\t<\/div>\n\t\t\t\t\t<\/div>\n\t\t<\/section>\n\t\t\t\t<section class=\"elementor-section elementor-top-section elementor-element elementor-element-8f4bc1a elementor-section-boxed elementor-section-height-default elementor-section-height-default\" data-id=\"8f4bc1a\" data-element_type=\"section\">\n\t\t\t\t\t\t<div class=\"elementor-container elementor-column-gap-default\">\n\t\t\t\t\t<div class=\"elementor-column elementor-col-100 elementor-top-column elementor-element elementor-element-1c17987\" data-id=\"1c17987\" data-element_type=\"column\">\n\t\t\t<div class=\"elementor-widget-wrap elementor-element-populated\">\n\t\t\t\t\t\t\t<\/div>\n\t\t<\/div>\n\t\t\t\t\t<\/div>\n\t\t<\/section>\n\t\t\t\t<section class=\"elementor-section elementor-top-section elementor-element elementor-element-83f3218 elementor-section-boxed elementor-section-height-default elementor-section-height-default\" data-id=\"83f3218\" data-element_type=\"section\">\n\t\t\t\t\t\t<div class=\"elementor-container elementor-column-gap-default\">\n\t\t\t\t\t<div class=\"elementor-column elementor-col-100 elementor-top-column elementor-element elementor-element-60b94e4\" data-id=\"60b94e4\" data-element_type=\"column\">\n\t\t\t<div class=\"elementor-widget-wrap elementor-element-populated\">\n\t\t\t\t\t\t\t<\/div>\n\t\t<\/div>\n\t\t\t\t\t<\/div>\n\t\t<\/section>\n\t\t\t\t<section class=\"elementor-section elementor-top-section elementor-element elementor-element-0a28878 elementor-section-boxed elementor-section-height-default elementor-section-height-default\" data-id=\"0a28878\" data-element_type=\"section\">\n\t\t\t\t\t\t<div class=\"elementor-container elementor-column-gap-default\">\n\t\t\t\t\t<div class=\"elementor-column elementor-col-100 elementor-top-column elementor-element elementor-element-07ff0c2\" data-id=\"07ff0c2\" data-element_type=\"column\">\n\t\t\t<div class=\"elementor-widget-wrap elementor-element-populated\">\n\t\t\t\t\t\t\t<\/div>\n\t\t<\/div>\n\t\t\t\t\t<\/div>\n\t\t<\/section>\n\t\t\t\t<section class=\"elementor-section elementor-top-section elementor-element elementor-element-8ff9874 elementor-section-boxed elementor-section-height-default elementor-section-height-default\" data-id=\"8ff9874\" data-element_type=\"section\">\n\t\t\t\t\t\t<div class=\"elementor-container elementor-column-gap-default\">\n\t\t\t\t\t<div class=\"elementor-column elementor-col-100 elementor-top-column elementor-element elementor-element-82fed59\" data-id=\"82fed59\" data-element_type=\"column\">\n\t\t\t<div class=\"elementor-widget-wrap elementor-element-populated\">\n\t\t\t\t\t\t<div class=\"elementor-element elementor-element-00818ca elementor-widget elementor-widget-text-editor\" data-id=\"00818ca\" data-element_type=\"widget\" data-widget_type=\"text-editor.default\">\n\t\t\t\t<div class=\"elementor-widget-container\">\n\t\t\t\t\t\t\t\t\t<p>Esta es una base de datos desarrollada a partir del financiamiento de un proyecto de CONAHCYT, en el cual estamos buscando generar, mediante inteligencia artificial, la construcci\u00f3n y documentaci\u00f3n del uso de agrot\u00f3xicos para el control de malezas, as\u00ed como analizar c\u00f3mo la presencia y diversidad de estas malezas pueden estar relacionadas con la presencia de fitopat\u00f3genos del ma\u00edz.<\/p><p>Esta es una primera aproximaci\u00f3n a la diversidad y abundancia de arvenses para un estudio de caso en el estado de Tlaxcala. Derivado de los recursos otorgados por el CONAHCYT, en un segundo periodo se cont\u00f3 con el apoyo de cuatro tesistas, quienes colaboraron durante tres meses en la colecta de muestras y el muestreo en campos con suficiente presencia de ma\u00edz y que fueran representativos de la diversidad de arvenses.<\/p>\t\t\t\t\t\t\t\t<\/div>\n\t\t\t\t<\/div>\n\t\t\t\t\t<\/div>\n\t\t<\/div>\n\t\t\t\t\t<\/div>\n\t\t<\/section>\n\t\t\t\t<section class=\"elementor-section elementor-top-section elementor-element elementor-element-7fcff94 elementor-section-boxed elementor-section-height-default elementor-section-height-default\" data-id=\"7fcff94\" data-element_type=\"section\">\n\t\t\t\t\t\t<div class=\"elementor-container elementor-column-gap-default\">\n\t\t\t\t\t<div class=\"elementor-column elementor-col-50 elementor-top-column elementor-element elementor-element-d9a211a\" data-id=\"d9a211a\" data-element_type=\"column\">\n\t\t\t<div class=\"elementor-widget-wrap elementor-element-populated\">\n\t\t\t\t\t\t<div class=\"elementor-element elementor-element-9a6ecec elementor-button-success elementor-align-center elementor-widget elementor-widget-button\" data-id=\"9a6ecec\" data-element_type=\"widget\" data-widget_type=\"button.default\">\n\t\t\t\t<div class=\"elementor-widget-container\">\n\t\t\t\t\t\t\t\t\t<div class=\"elementor-button-wrapper\">\n\t\t\t\t\t<a class=\"elementor-button elementor-button-link elementor-size-lg\" href=\"https:\/\/drive.google.com\/file\/d\/1f_Tuwi1cYWpU-8Ow_hIZEkiJzkbNYfcL\/view?usp=sharing\" target=\"_blank\">\n\t\t\t\t\t\t<span class=\"elementor-button-content-wrapper\">\n\t\t\t\t\t\t\t\t\t<span class=\"elementor-button-text\">Descarga de presentaci\u00f3n de base de datos<\/span>\n\t\t\t\t\t<\/span>\n\t\t\t\t\t<\/a>\n\t\t\t\t<\/div>\n\t\t\t\t\t\t\t\t<\/div>\n\t\t\t\t<\/div>\n\t\t\t\t\t<\/div>\n\t\t<\/div>\n\t\t\t\t<div class=\"elementor-column elementor-col-50 elementor-top-column elementor-element elementor-element-2b4a792\" data-id=\"2b4a792\" data-element_type=\"column\">\n\t\t\t<div class=\"elementor-widget-wrap elementor-element-populated\">\n\t\t\t\t\t\t<div class=\"elementor-element elementor-element-ebb00ff elementor-button-success elementor-align-center elementor-widget elementor-widget-button\" data-id=\"ebb00ff\" data-element_type=\"widget\" data-widget_type=\"button.default\">\n\t\t\t\t<div class=\"elementor-widget-container\">\n\t\t\t\t\t\t\t\t\t<div class=\"elementor-button-wrapper\">\n\t\t\t\t\t<a class=\"elementor-button elementor-button-link elementor-size-lg\" href=\"https:\/\/docs.google.com\/spreadsheets\/d\/1-3t8HL3ZEXuW7z2tt6n8xdyFK4KUmIko\/edit?usp=sharing&#038;ouid=104295426005601757916&#038;rtpof=true&#038;sd=true\" target=\"_blank\">\n\t\t\t\t\t\t<span class=\"elementor-button-content-wrapper\">\n\t\t\t\t\t\t\t\t\t<span class=\"elementor-button-text\">Descarga de base de datos<\/span>\n\t\t\t\t\t<\/span>\n\t\t\t\t\t<\/a>\n\t\t\t\t<\/div>\n\t\t\t\t\t\t\t\t<\/div>\n\t\t\t\t<\/div>\n\t\t\t\t\t<\/div>\n\t\t<\/div>\n\t\t\t\t\t<\/div>\n\t\t<\/section>\n\t\t\t\t<\/div>\n\t\t","protected":false},"excerpt":{"rendered":"<p>Microbioma Integrado de arvenses extrem\u00f3filas (MIAE) Este repositorio de secuencias\u00a0gen\u00e9ticas\u00a0es de acceso abierto (Open Access)&#8230;<\/p>\n","protected":false},"author":2,"featured_media":0,"parent":0,"menu_order":0,"comment_status":"closed","ping_status":"closed","template":"","meta":{"footnotes":""},"_links":{"self":[{"href":"https:\/\/bioeconomyinnovation.com\/index.php\/wp-json\/wp\/v2\/pages\/462"}],"collection":[{"href":"https:\/\/bioeconomyinnovation.com\/index.php\/wp-json\/wp\/v2\/pages"}],"about":[{"href":"https:\/\/bioeconomyinnovation.com\/index.php\/wp-json\/wp\/v2\/types\/page"}],"author":[{"embeddable":true,"href":"https:\/\/bioeconomyinnovation.com\/index.php\/wp-json\/wp\/v2\/users\/2"}],"replies":[{"embeddable":true,"href":"https:\/\/bioeconomyinnovation.com\/index.php\/wp-json\/wp\/v2\/comments?post=462"}],"version-history":[{"count":55,"href":"https:\/\/bioeconomyinnovation.com\/index.php\/wp-json\/wp\/v2\/pages\/462\/revisions"}],"predecessor-version":[{"id":1645,"href":"https:\/\/bioeconomyinnovation.com\/index.php\/wp-json\/wp\/v2\/pages\/462\/revisions\/1645"}],"wp:attachment":[{"href":"https:\/\/bioeconomyinnovation.com\/index.php\/wp-json\/wp\/v2\/media?parent=462"}],"curies":[{"name":"wp","href":"https:\/\/api.w.org\/{rel}","templated":true}]}}