{"id":895,"date":"2022-05-03T17:24:09","date_gmt":"2022-05-03T17:24:09","guid":{"rendered":"https:\/\/bioeconomyinnovation.com\/index.php\/clase-1\/"},"modified":"2024-09-07T00:28:30","modified_gmt":"2024-09-07T00:28:30","slug":"clase-1","status":"publish","type":"page","link":"https:\/\/bioeconomyinnovation.com\/index.php\/clase-1\/","title":{"rendered":"Clase 1"},"content":{"rendered":"\t\t<div data-elementor-type=\"wp-page\" data-elementor-id=\"895\" class=\"elementor elementor-895\">\n\t\t\t\t\t\t<section class=\"elementor-section elementor-top-section elementor-element elementor-element-5bf150e5 elementor-section-boxed elementor-section-height-default elementor-section-height-default\" data-id=\"5bf150e5\" data-element_type=\"section\">\n\t\t\t\t\t\t<div class=\"elementor-container elementor-column-gap-default\">\n\t\t\t\t\t<div class=\"elementor-column elementor-col-100 elementor-top-column elementor-element elementor-element-d61c5a3\" data-id=\"d61c5a3\" data-element_type=\"column\">\n\t\t\t<div class=\"elementor-widget-wrap elementor-element-populated\">\n\t\t\t\t\t\t<div class=\"elementor-element elementor-element-5db5a49f elementor-widget elementor-widget-text-editor\" data-id=\"5db5a49f\" data-element_type=\"widget\" data-widget_type=\"text-editor.default\">\n\t\t\t\t<div class=\"elementor-widget-container\">\n\t\t\t\t\t\t\t\t\t<div class=\"jp-Cell-inputWrapper\"><div class=\"jp-InputArea jp-Cell-inputArea\"><div class=\"jp-InputPrompt jp-InputArea-prompt\">\u00a0<\/div><div class=\"jp-RenderedHTMLCommon jp-RenderedMarkdown jp-MarkdownOutput \" data-mime-type=\"text\/markdown\"><h2 id=\"Tipos-de-datos-b%C3%A1sicos-en-python\">Tipos de datos b\u00e1sicos en python<\/h2><ul><li>Entero: Es el conjunto de todos los n\u00fameros (1, 2, 3, 78, 99, etc).En en el lenguaje python se llamar\u00e1n por <strong>INT<\/strong>. Estos datos est\u00e1ran limitados por la cantidad de memoria disponible. Para la declaraci\u00f3n de este tipo de variables se har\u00e1 de la siguiente manera:<\/li><\/ul><\/div><\/div><\/div><div class=\"jp-Cell jp-CodeCell jp-Notebook-cell jp-mod-noOutputs \"><div class=\"jp-Cell-inputWrapper\"><div class=\"jp-Collapser jp-InputCollapser jp-Cell-inputCollapser\">\u00a0<\/div><div class=\"jp-InputArea jp-Cell-inputArea\"><div class=\"jp-InputPrompt jp-InputArea-prompt\">In\u00a0[\u00a0]:<\/div><div class=\"jp-CodeMirrorEditor jp-Editor jp-InputArea-editor\" data-type=\"inline\"><div class=\"CodeMirror cm-s-jupyter\"><div class=\" highlight hl-ipython3\"><pre><span class=\"n\">a<\/span><span class=\"o\">=<\/span> <span class=\"mi\">2<\/span>            <span class=\"c1\">#A la letra \"a\" se le asigna el valor de 2<\/span>\n<span class=\"n\">zabbix<\/span><span class=\"o\">=<\/span> <span class=\"mi\">456<\/span>     <span class=\"c1\">#A la palabra zabbix se le asigna el valor de 456<\/span>\n<\/pre><\/div><\/div><\/div><\/div><\/div><\/div><div class=\"jp-Cell-inputWrapper\"><div class=\"jp-InputArea jp-Cell-inputArea\"><div class=\"jp-InputPrompt jp-InputArea-prompt\">\u00a0<\/div><div class=\"jp-RenderedHTMLCommon jp-RenderedMarkdown jp-MarkdownOutput \" data-mime-type=\"text\/markdown\"><ul><li><strong>Flotante<\/strong>: Es una manera de representar el mayor n\u00famero posible de los n\u00fameros reales con las limitaciones de la memoria (Con palabras de tama\u00f1o de 64 a 32 bits). Este tipo de dato en python es de tipo\u00a0<strong>float<\/strong><\/li><\/ul><\/div><\/div><\/div><div class=\"jp-Cell jp-CodeCell jp-Notebook-cell jp-mod-noOutputs \"><div class=\"jp-Cell-inputWrapper\"><div class=\"jp-Collapser jp-InputCollapser jp-Cell-inputCollapser\">\u00a0<\/div><div class=\"jp-InputArea jp-Cell-inputArea\"><div class=\"jp-InputPrompt jp-InputArea-prompt\">In\u00a0[\u00a0]:<\/div><div class=\"jp-CodeMirrorEditor jp-Editor jp-InputArea-editor\" data-type=\"inline\"><div class=\"CodeMirror cm-s-jupyter\"><div class=\" highlight hl-ipython3\"><pre><span class=\"n\">real<\/span><span class=\"o\">=<\/span> <span class=\"mf\">34.7<\/span>         <span class=\"c1\">#A la literal real se le asign\u00f3 el valor de 34.7<\/span>\n<span class=\"n\">cuadrado<\/span><span class=\"o\">=<\/span> <span class=\"mf\">2.5<\/span><span class=\"o\">**<\/span><span class=\"mf\">2.5<\/span> <span class=\"c1\">#En la literal cuadrado se realiza la operaci\u00f3n 2.5^2.5<\/span>\n<span class=\"n\">real<\/span><span class=\"o\">=<\/span> <span class=\"mi\">1<\/span><span class=\"o\">\/<\/span><span class=\"mi\">2<\/span>          <span class=\"c1\">#En la literal real se le asigna la fracci\u00f3n 1\/2<\/span>\n<span class=\"n\">valor<\/span><span class=\"o\">=<\/span> <span class=\"mf\">1.23E3<\/span>      <span class=\"c1\">#A la literal valor se le asigna un valor en notaci\u00f3n cient\u00edfica, que es el 1230.0<\/span>\n<\/pre><\/div><\/div><\/div><\/div><\/div><\/div><div class=\"jp-Cell-inputWrapper\"><div class=\"jp-InputArea jp-Cell-inputArea\"><div class=\"jp-InputPrompt jp-InputArea-prompt\">\u00a0<\/div><div class=\"jp-RenderedHTMLCommon jp-RenderedMarkdown jp-MarkdownOutput \" data-mime-type=\"text\/markdown\"><ul><li><strong>Caracter<\/strong>: Una cadena de car\u00e1cter o mejor conocida en python como string o con su verdadera clave que es <strong>str<\/strong>, es una secuencia inmutable de caracteres unicodigo. Para hacer uso de este tipo de datos (N\u00famero, palabra, letras) Debe de ir entre comillas simples <em>&#8221;<\/em> o dobles si es una secuencia de caracteres <strong>&#8220;&#8221;<\/strong><\/li><\/ul><\/div><\/div><\/div><div class=\"jp-Cell jp-CodeCell jp-Notebook-cell jp-mod-noOutputs \"><div class=\"jp-Cell-inputWrapper\"><div class=\"jp-Collapser jp-InputCollapser jp-Cell-inputCollapser\">\u00a0<\/div><div class=\"jp-InputArea jp-Cell-inputArea\"><div class=\"jp-InputPrompt jp-InputArea-prompt\">In\u00a0[\u00a0]:<\/div><div class=\"jp-CodeMirrorEditor jp-Editor jp-InputArea-editor\" data-type=\"inline\"><div class=\"CodeMirror cm-s-jupyter\"><div class=\" highlight hl-ipython3\"><pre><span class=\"n\">agregado<\/span><span class=\"o\">=<\/span> <span class=\"s1\">'123'<\/span>\n<span class=\"n\">hola<\/span><span class=\"o\">=<\/span> <span class=\"s1\">'hola'<\/span>\n<span class=\"n\">saludos<\/span><span class=\"o\">=<\/span> <span class=\"s2\">\"Buenos d\u00edas amigos, excelente d\u00eda\"<\/span>\n<\/pre><\/div><\/div><\/div><\/div><\/div><\/div><div class=\"jp-Cell-inputWrapper\"><div class=\"jp-InputArea jp-Cell-inputArea\"><div class=\"jp-InputPrompt jp-InputArea-prompt\">\u00a0<\/div><div class=\"jp-RenderedHTMLCommon jp-RenderedMarkdown jp-MarkdownOutput \" data-mime-type=\"text\/markdown\"><p>Otra manera de hacerlo es la siguiente:<\/p><\/div><\/div><\/div><div class=\"jp-Cell jp-CodeCell jp-Notebook-cell jp-mod-noOutputs \"><div class=\"jp-Cell-inputWrapper\"><div class=\"jp-Collapser jp-InputCollapser jp-Cell-inputCollapser\">\u00a0<\/div><div class=\"jp-InputArea jp-Cell-inputArea\"><div class=\"jp-InputPrompt jp-InputArea-prompt\">In\u00a0[\u00a0]:<\/div><div class=\"jp-CodeMirrorEditor jp-Editor jp-InputArea-editor\" data-type=\"inline\"><div class=\"CodeMirror cm-s-jupyter\"><div class=\" highlight hl-ipython3\"><pre><span class=\"n\">acceso<\/span><span class=\"o\">=<\/span> <span class=\"nb\">str<\/span><span class=\"p\">(<\/span><span class=\"mi\">342<\/span><span class=\"p\">)<\/span>\n<span class=\"n\">entrada<\/span><span class=\"o\">=<\/span> <span class=\"nb\">str<\/span><span class=\"p\">(<\/span><span class=\"mi\">54<\/span><span class=\"p\">)<\/span>\n<\/pre><\/div><\/div><\/div><\/div><\/div><\/div><div class=\"jp-Cell-inputWrapper\"><div class=\"jp-InputArea jp-Cell-inputArea\"><div class=\"jp-InputPrompt jp-InputArea-prompt\">\u00a0<\/div><div class=\"jp-RenderedHTMLCommon jp-RenderedMarkdown jp-MarkdownOutput \" data-mime-type=\"text\/markdown\"><h2 id=\"Primeros-Comandos\">Primeros Comandos<\/h2><p>Para poder comenzar a realizar las primeras l\u00edneas de c\u00f3digo ese necesario conocer estos comandos b\u00e1sicos:<\/p><p><strong>NOTA: CUALQUIER COMANDO USADO EN PYTHON DEBE SER USADO EN MIN\u00daSCULAS<\/strong><\/p><ul><li><strong>print<\/strong>: Este comando sirve para imprimir o para escribir lo que sea necesario ver en pantalla, ya sea un mensaje o alguna operaci\u00f3n aritm\u00e9tica.<\/li><\/ul><\/div><\/div><\/div><div class=\"jp-Cell jp-CodeCell jp-Notebook-cell \"><div class=\"jp-Cell-inputWrapper\"><div class=\"jp-Collapser jp-InputCollapser jp-Cell-inputCollapser\">\u00a0<\/div><div class=\"jp-InputArea jp-Cell-inputArea\"><div class=\"jp-InputPrompt jp-InputArea-prompt\">In\u00a0[1]:<\/div><div class=\"jp-CodeMirrorEditor jp-Editor jp-InputArea-editor\" data-type=\"inline\"><div class=\"CodeMirror cm-s-jupyter\"><div class=\" highlight hl-ipython3\"><pre><span class=\"nb\">print<\/span> <span class=\"p\">(<\/span><span class=\"s2\">\"Hola mundo\"<\/span><span class=\"p\">)<\/span>\n<\/pre><\/div><\/div><\/div><\/div><\/div><div class=\"jp-Cell-outputWrapper\"><div class=\"jp-Collapser jp-OutputCollapser jp-Cell-outputCollapser\">\u00a0<\/div><div class=\"jp-OutputArea jp-Cell-outputArea\"><div class=\"jp-OutputArea-child\"><div class=\"jp-OutputPrompt jp-OutputArea-prompt\"><div class=\"jp-RenderedText jp-OutputArea-output\" data-mime-type=\"text\/plain\"><pre>Hola mundo\n<\/pre><\/div><\/div><\/div><\/div><\/div><div class=\"jp-Cell jp-CodeCell jp-Notebook-cell \"><div class=\"jp-Cell-inputWrapper\"><div class=\"jp-Collapser jp-InputCollapser jp-Cell-inputCollapser\">\u00a0<\/div><div class=\"jp-InputArea jp-Cell-inputArea\"><div class=\"jp-InputPrompt jp-InputArea-prompt\">In\u00a0[2]:<\/div><div class=\"jp-CodeMirrorEditor jp-Editor jp-InputArea-editor\" data-type=\"inline\"><div class=\"CodeMirror cm-s-jupyter\"><div class=\" highlight hl-ipython3\"><pre><span class=\"nb\">print<\/span> <span class=\"p\">(<\/span><span class=\"s2\">\"segundo mensaje\"<\/span><span class=\"p\">)<\/span>\n<\/pre><\/div><\/div><\/div><\/div><\/div><div class=\"jp-Cell-outputWrapper\"><div class=\"jp-Collapser jp-OutputCollapser jp-Cell-outputCollapser\">\u00a0<\/div><div class=\"jp-OutputArea jp-Cell-outputArea\"><div class=\"jp-OutputArea-child\"><div class=\"jp-OutputPrompt jp-OutputArea-prompt\"><div class=\"jp-RenderedText jp-OutputArea-output\" data-mime-type=\"text\/plain\"><pre>segundo mensaje\n<\/pre><\/div><\/div><\/div><\/div><\/div><div class=\"jp-Cell jp-CodeCell jp-Notebook-cell \"><div class=\"jp-Cell-inputWrapper\"><div class=\"jp-Collapser jp-InputCollapser jp-Cell-inputCollapser\">\u00a0<\/div><div class=\"jp-InputArea jp-Cell-inputArea\"><div class=\"jp-InputPrompt jp-InputArea-prompt\">In\u00a0[3]:<\/div><div class=\"jp-CodeMirrorEditor jp-Editor jp-InputArea-editor\" data-type=\"inline\"><div class=\"CodeMirror cm-s-jupyter\"><div class=\" highlight hl-ipython3\"><pre><span class=\"nb\">print<\/span> <span class=\"p\">(<\/span><span class=\"mi\">3<\/span><span class=\"o\">+<\/span><span class=\"mi\">3<\/span><span class=\"p\">)<\/span> \n<\/pre><\/div><\/div><\/div><\/div><\/div><div class=\"jp-Cell-outputWrapper\"><div class=\"jp-Collapser jp-OutputCollapser jp-Cell-outputCollapser\">\u00a0<\/div><div class=\"jp-OutputArea jp-Cell-outputArea\"><div class=\"jp-OutputArea-child\"><div class=\"jp-OutputPrompt jp-OutputArea-prompt\"><div class=\"jp-RenderedText jp-OutputArea-output\" data-mime-type=\"text\/plain\"><pre>6\n<\/pre><\/div><\/div><\/div><\/div><\/div><div class=\"jp-Cell jp-CodeCell jp-Notebook-cell \"><div class=\"jp-Cell-inputWrapper\"><div class=\"jp-Collapser jp-InputCollapser jp-Cell-inputCollapser\">\u00a0<\/div><div class=\"jp-InputArea jp-Cell-inputArea\"><div class=\"jp-InputPrompt jp-InputArea-prompt\">In\u00a0[4]:<\/div><div class=\"jp-CodeMirrorEditor jp-Editor jp-InputArea-editor\" data-type=\"inline\"><div class=\"CodeMirror cm-s-jupyter\"><div class=\" highlight hl-ipython3\"><pre><span class=\"nb\">print<\/span> <span class=\"p\">(<\/span><span class=\"mi\">3<\/span><span class=\"o\">-<\/span><span class=\"mi\">3<\/span><span class=\"p\">)<\/span>\n<\/pre><\/div><\/div><\/div><\/div><\/div><div class=\"jp-Cell-outputWrapper\"><div class=\"jp-Collapser jp-OutputCollapser jp-Cell-outputCollapser\">\u00a0<\/div><div class=\"jp-OutputArea jp-Cell-outputArea\"><div class=\"jp-OutputArea-child\"><div class=\"jp-OutputPrompt jp-OutputArea-prompt\"><div class=\"jp-RenderedText jp-OutputArea-output\" data-mime-type=\"text\/plain\"><pre>0\n<\/pre><\/div><\/div><\/div><\/div><\/div><div class=\"jp-Cell jp-CodeCell jp-Notebook-cell \"><div class=\"jp-Cell-inputWrapper\"><div class=\"jp-Collapser jp-InputCollapser jp-Cell-inputCollapser\">\u00a0<\/div><div class=\"jp-InputArea jp-Cell-inputArea\"><div class=\"jp-InputPrompt jp-InputArea-prompt\">In\u00a0[5]:<\/div><div class=\"jp-CodeMirrorEditor jp-Editor jp-InputArea-editor\" data-type=\"inline\"><div class=\"CodeMirror cm-s-jupyter\"><div class=\" highlight hl-ipython3\"><pre><span class=\"nb\">print<\/span> <span class=\"p\">(<\/span><span class=\"mi\">4<\/span><span class=\"o\">*<\/span><span class=\"mi\">5<\/span><span class=\"p\">)<\/span>\n<\/pre><\/div><\/div><\/div><\/div><\/div><div class=\"jp-Cell-outputWrapper\"><div class=\"jp-Collapser jp-OutputCollapser jp-Cell-outputCollapser\">\u00a0<\/div><div class=\"jp-OutputArea jp-Cell-outputArea\"><div class=\"jp-OutputArea-child\"><div class=\"jp-OutputPrompt jp-OutputArea-prompt\"><div class=\"jp-RenderedText jp-OutputArea-output\" data-mime-type=\"text\/plain\"><pre>20\n<\/pre><\/div><\/div><\/div><\/div><\/div><div class=\"jp-Cell jp-CodeCell jp-Notebook-cell \"><div class=\"jp-Cell-inputWrapper\"><div class=\"jp-Collapser jp-InputCollapser jp-Cell-inputCollapser\">\u00a0<\/div><div class=\"jp-InputArea jp-Cell-inputArea\"><div class=\"jp-InputPrompt jp-InputArea-prompt\">In\u00a0[6]:<\/div><div class=\"jp-CodeMirrorEditor jp-Editor jp-InputArea-editor\" data-type=\"inline\"><div class=\"CodeMirror cm-s-jupyter\"><div class=\" highlight hl-ipython3\"><pre><span class=\"nb\">print<\/span> <span class=\"p\">(<\/span><span class=\"mi\">20<\/span><span class=\"o\">\/<\/span><span class=\"mi\">5<\/span><span class=\"p\">)<\/span>\n<\/pre><\/div><\/div><\/div><\/div><\/div><div class=\"jp-Cell-outputWrapper\"><div class=\"jp-Collapser jp-OutputCollapser jp-Cell-outputCollapser\">\u00a0<\/div><div class=\"jp-OutputArea jp-Cell-outputArea\"><div class=\"jp-OutputArea-child\"><div class=\"jp-OutputPrompt jp-OutputArea-prompt\"><div class=\"jp-RenderedText jp-OutputArea-output\" data-mime-type=\"text\/plain\"><pre>4.0\n<\/pre><\/div><\/div><\/div><\/div><\/div><div class=\"jp-Cell-inputWrapper\"><div class=\"jp-InputArea jp-Cell-inputArea\"><div class=\"jp-InputPrompt jp-InputArea-prompt\">\u00a0<\/div><div class=\"jp-RenderedHTMLCommon jp-RenderedMarkdown jp-MarkdownOutput \" data-mime-type=\"text\/markdown\"><ul><li><strong>input(&#8220;&#8221;)<\/strong>= Este nos sirve para que el usuario ingrese, ya sea un dato entero, flotante o string en una variable cualquiera y poder usarla en el desarrollo del c\u00f3digo.<\/li><\/ul><\/div><\/div><\/div><div class=\"jp-Cell jp-CodeCell jp-Notebook-cell jp-mod-noOutputs \"><div class=\"jp-Cell-inputWrapper\"><div class=\"jp-Collapser jp-InputCollapser jp-Cell-inputCollapser\">\u00a0<\/div><div class=\"jp-InputArea jp-Cell-inputArea\"><div class=\"jp-InputPrompt jp-InputArea-prompt\">In\u00a0[\u00a0]:<\/div><div class=\"jp-CodeMirrorEditor jp-Editor jp-InputArea-editor\" data-type=\"inline\"><div class=\"CodeMirror cm-s-jupyter\"><div class=\" highlight hl-ipython3\"><pre><span class=\"n\">dime<\/span><span class=\"o\">=<\/span> <span class=\"nb\">str<\/span><span class=\"p\">(<\/span><span class=\"nb\">input<\/span><span class=\"p\">(<\/span><span class=\"s2\">\"Dame la contrase\u00f1a\"<\/span><span class=\"p\">))<\/span>  <span class=\"c1\"># En la variable dime se guarda la contrase\u00f1a que nosotros escribamos cuando este<\/span>\n                                        <span class=\"c1\"># nos la pida. La contrase\u00f1a insertada debe de ser de tipo car\u00e1cter.<\/span>\n                                        <span class=\"c1\"># Podemos notar que al correr esta l\u00ednea del c\u00f3digo lo que est\u00e1 dentro de las comillas<\/span>\n                                        <span class=\"c1\"># dobles aparece en la salida, que es la frase \"Dame la contrase\u00f1a\".<\/span>\n                                           \n<\/pre><\/div><\/div><\/div><\/div><\/div><\/div><div class=\"jp-Cell jp-CodeCell jp-Notebook-cell jp-mod-noOutputs \"><div class=\"jp-Cell-inputWrapper\"><div class=\"jp-Collapser jp-InputCollapser jp-Cell-inputCollapser\">\u00a0<\/div><div class=\"jp-InputArea jp-Cell-inputArea\"><div class=\"jp-InputPrompt jp-InputArea-prompt\">In\u00a0[\u00a0]:<\/div><div class=\"jp-CodeMirrorEditor jp-Editor jp-InputArea-editor\" data-type=\"inline\"><div class=\"CodeMirror cm-s-jupyter\"><div class=\" highlight hl-ipython3\"><pre><span class=\"n\">Uno<\/span><span class=\"o\">=<\/span> <span class=\"nb\">int<\/span><span class=\"p\">(<\/span><span class=\"nb\">input<\/span><span class=\"p\">(<\/span><span class=\"s2\">\"Dame la contrase\u00f1a:\"<\/span><span class=\"p\">))<\/span>    <span class=\"c1\"># La contrase\u00f1a que le insertaremos debe de ser entero<\/span>\n<\/pre><\/div><\/div><\/div><\/div><\/div><\/div><div class=\"jp-Cell jp-CodeCell jp-Notebook-cell jp-mod-noOutputs \"><div class=\"jp-Cell-inputWrapper\"><div class=\"jp-Collapser jp-InputCollapser jp-Cell-inputCollapser\">\u00a0<\/div><div class=\"jp-InputArea jp-Cell-inputArea\"><div class=\"jp-InputPrompt jp-InputArea-prompt\">In\u00a0[\u00a0]:<\/div><div class=\"jp-CodeMirrorEditor jp-Editor jp-InputArea-editor\" data-type=\"inline\"><div class=\"CodeMirror cm-s-jupyter\"><div class=\" highlight hl-ipython3\"><pre><span class=\"n\">dos<\/span><span class=\"o\">=<\/span> <span class=\"nb\">float<\/span><span class=\"p\">(<\/span><span class=\"nb\">input<\/span><span class=\"p\">(<\/span><span class=\"s2\">\"Dame la contrase\u00f1a: \"<\/span><span class=\"p\">))<\/span> <span class=\"c1\">#La contrase\u00f1a insertada debe de ser un dato en tipo flotante<\/span>\n<\/pre><\/div><\/div><\/div><\/div><\/div><\/div><\/div><\/div><\/div><\/div><\/div><\/div>\t\t\t\t\t\t\t\t<\/div>\n\t\t\t\t<\/div>\n\t\t\t\t\t<\/div>\n\t\t<\/div>\n\t\t\t\t\t<\/div>\n\t\t<\/section>\n\t\t\t\t<\/div>\n\t\t","protected":false},"excerpt":{"rendered":"<p>\u00a0 Tipos de datos b\u00e1sicos en python Entero: Es el conjunto de todos los n\u00fameros&#8230;<\/p>\n","protected":false},"author":2,"featured_media":0,"parent":0,"menu_order":0,"comment_status":"closed","ping_status":"closed","template":"","meta":{"footnotes":""},"_links":{"self":[{"href":"https:\/\/bioeconomyinnovation.com\/index.php\/wp-json\/wp\/v2\/pages\/895"}],"collection":[{"href":"https:\/\/bioeconomyinnovation.com\/index.php\/wp-json\/wp\/v2\/pages"}],"about":[{"href":"https:\/\/bioeconomyinnovation.com\/index.php\/wp-json\/wp\/v2\/types\/page"}],"author":[{"embeddable":true,"href":"https:\/\/bioeconomyinnovation.com\/index.php\/wp-json\/wp\/v2\/users\/2"}],"replies":[{"embeddable":true,"href":"https:\/\/bioeconomyinnovation.com\/index.php\/wp-json\/wp\/v2\/comments?post=895"}],"version-history":[{"count":9,"href":"https:\/\/bioeconomyinnovation.com\/index.php\/wp-json\/wp\/v2\/pages\/895\/revisions"}],"predecessor-version":[{"id":1557,"href":"https:\/\/bioeconomyinnovation.com\/index.php\/wp-json\/wp\/v2\/pages\/895\/revisions\/1557"}],"wp:attachment":[{"href":"https:\/\/bioeconomyinnovation.com\/index.php\/wp-json\/wp\/v2\/media?parent=895"}],"curies":[{"name":"wp","href":"https:\/\/api.w.org\/{rel}","templated":true}]}}