{"id":916,"date":"2022-05-03T17:33:32","date_gmt":"2022-05-03T17:33:32","guid":{"rendered":"https:\/\/bioeconomyinnovation.com\/index.php\/resolucion-ejercicio-2-clase-1\/"},"modified":"2022-05-04T16:45:26","modified_gmt":"2022-05-04T16:45:26","slug":"resolucion-ejercicio-2-clase-1","status":"publish","type":"page","link":"https:\/\/bioeconomyinnovation.com\/index.php\/resolucion-ejercicio-2-clase-1\/","title":{"rendered":"Resoluci\u00f3n ejercicio 2 clase 1"},"content":{"rendered":"<div class=\"jp-Cell-inputWrapper\">\n<div class=\"jp-InputArea jp-Cell-inputArea\">\n<div class=\"jp-RenderedHTMLCommon jp-RenderedMarkdown jp-MarkdownOutput \" data-mime-type=\"text\/markdown\">\n<h2 id=\"Resoluci%C3%B3n-del-ejercicio-2\">Resoluci\u00f3n del ejercicio 2<\/h2>\n<p>Para dar soluci\u00f3n a este ejercio debemos pensar en hacerlo paso a paso.<\/p>\n<ul>\n<li>Primero declararemos una variable a la cual le asignaremos el valor del a\u00f1o en el que vivimos, es decir el valor de 2022<\/li>\n<li>Pediremos al usuario que ingrese el a\u00f1o en el que naci\u00f3, este valor se guardar\u00e1 en otra variable, en este caso se llama edad. ponemos el input que sea dato entero ya que no hay a\u00f1os que est\u00e9n con punto decimal.<\/li>\n<\/ul>\n<\/div>\n<\/div>\n<\/div>\n<div class=\"jp-Cell jp-CodeCell jp-Notebook-cell   \">\n<div class=\"jp-Cell-inputWrapper\">\n<div class=\"jp-Collapser jp-InputCollapser jp-Cell-inputCollapser\"><\/div>\n<div class=\"jp-InputArea jp-Cell-inputArea\">\n<div class=\"jp-InputPrompt jp-InputArea-prompt\">In\u00a0[1]:<\/div>\n<div class=\"jp-CodeMirrorEditor jp-Editor jp-InputArea-editor\" data-type=\"inline\">\n<div class=\"CodeMirror cm-s-jupyter\">\n<div class=\" highlight hl-ipython3\">\n<pre><span class=\"n\">a\u00f1o<\/span><span class=\"o\">=<\/span> <span class=\"mi\">2022<\/span>\n\n<span class=\"n\">edad<\/span><span class=\"o\">=<\/span> <span class=\"nb\">int<\/span><span class=\"p\">(<\/span><span class=\"nb\">input<\/span><span class=\"p\">(<\/span><span class=\"s2\">\"\u00bfEn que a\u00f1o naciste?:\"<\/span><span class=\"p\">))<\/span>\n<\/pre>\n<\/div>\n<\/div>\n<\/div>\n<\/div>\n<\/div>\n<div class=\"jp-Cell-outputWrapper\">\n<div class=\"jp-Collapser jp-OutputCollapser jp-Cell-outputCollapser\"><\/div>\n<div class=\"jp-OutputArea jp-Cell-outputArea\">\n<div class=\"jp-OutputArea-child\">\n<div class=\"jp-OutputPrompt jp-OutputArea-prompt\">\n<div class=\"jp-RenderedText jp-OutputArea-output\" data-mime-type=\"text\/plain\">\n<pre>\u00bfEn que a\u00f1o naciste?:1999\n<\/pre>\n<\/div>\n<\/div>\n<\/div>\n<\/div>\n<\/div>\n<div class=\"jp-Cell-inputWrapper\">\n<div class=\"jp-InputArea jp-Cell-inputArea\">\n<div class=\"jp-InputPrompt jp-InputArea-prompt\"><\/div>\n<div class=\"jp-RenderedHTMLCommon jp-RenderedMarkdown jp-MarkdownOutput \" data-mime-type=\"text\/markdown\">\n<ul>\n<li>Ya teniendo los datos necesarios para saber la edad, ahora procedemos a restar ambos a\u00f1os, a los 2022 se le resta el a\u00f1o en el que naci\u00f3 el usuario, el resultado de esa resta se guarda en otra variable.<\/li>\n<li>Imprimimos en pantalla la frase que queramos como caracter ente comillas y la variable en donde se guard\u00f3 el resultado de la resta.<\/li>\n<\/ul>\n<\/div>\n<\/div>\n<\/div>\n<div class=\"jp-Cell jp-CodeCell jp-Notebook-cell   \">\n<div class=\"jp-Cell-inputWrapper\">\n<div class=\"jp-Collapser jp-InputCollapser jp-Cell-inputCollapser\"><\/div>\n<div class=\"jp-InputArea jp-Cell-inputArea\">\n<div class=\"jp-InputPrompt jp-InputArea-prompt\">In\u00a0[4]:<\/div>\n<div class=\"jp-CodeMirrorEditor jp-Editor jp-InputArea-editor\" data-type=\"inline\">\n<div class=\"CodeMirror cm-s-jupyter\">\n<div class=\" highlight hl-ipython3\">\n<pre><span class=\"n\">actual<\/span> <span class=\"o\">=<\/span> <span class=\"n\">a\u00f1o<\/span> <span class=\"o\">-<\/span> <span class=\"n\">edad<\/span>\n<span class=\"nb\">print<\/span> <span class=\"p\">(<\/span><span class=\"s2\">\"Tu edad es\"<\/span><span class=\"p\">,<\/span><span class=\"n\">actual<\/span><span class=\"p\">,<\/span><span class=\"s2\">\"a\u00f1os\"<\/span><span class=\"p\">)<\/span>\n<\/pre>\n<\/div>\n<\/div>\n<\/div>\n<\/div>\n<\/div>\n<div class=\"jp-Cell-outputWrapper\">\n<div class=\"jp-Collapser jp-OutputCollapser jp-Cell-outputCollapser\"><\/div>\n<div class=\"jp-OutputArea jp-Cell-outputArea\">\n<div class=\"jp-OutputArea-child\">\n<div class=\"jp-OutputPrompt jp-OutputArea-prompt\">\n<div class=\"jp-RenderedText jp-OutputArea-output\" data-mime-type=\"text\/plain\">\n<pre>Tu edad es 23 a\u00f1os\n<\/pre>\n<\/div>\n<\/div>\n<\/div>\n<\/div>\n<\/div>\n<div class=\"jp-Cell-inputWrapper\">\n<div class=\"jp-InputArea jp-Cell-inputArea\">\n<div class=\"jp-InputPrompt jp-InputArea-prompt\"><\/div>\n<div class=\"jp-RenderedHTMLCommon jp-RenderedMarkdown jp-MarkdownOutput \" data-mime-type=\"text\/markdown\">\n<ul>\n<li>Otra manera de imprimir el resultado es en lugar de crear una variable nueva en donde se aloje el resultado de la resta es poner directamente la operaci\u00f3n entre varibles.<\/li>\n<\/ul>\n<\/div>\n<\/div>\n<\/div>\n<div class=\"jp-Cell jp-CodeCell jp-Notebook-cell   \">\n<div class=\"jp-Cell-inputWrapper\">\n<div class=\"jp-Collapser jp-InputCollapser jp-Cell-inputCollapser\"><\/div>\n<div class=\"jp-InputArea jp-Cell-inputArea\">\n<div class=\"jp-InputPrompt jp-InputArea-prompt\">In\u00a0[5]:<\/div>\n<div class=\"jp-CodeMirrorEditor jp-Editor jp-InputArea-editor\" data-type=\"inline\">\n<div class=\"CodeMirror cm-s-jupyter\">\n<div class=\" highlight hl-ipython3\">\n<pre><span class=\"nb\">print<\/span> <span class=\"p\">(<\/span><span class=\"s2\">\"Tu edad es:\"<\/span><span class=\"p\">,<\/span> <span class=\"n\">a\u00f1o<\/span> <span class=\"o\">-<\/span> <span class=\"n\">edad<\/span><span class=\"p\">,<\/span> <span class=\"s2\">\"a\u00f1os\"<\/span><span class=\"p\">)<\/span>\n<\/pre>\n<\/div>\n<\/div>\n<\/div>\n<\/div>\n<\/div>\n<div class=\"jp-Cell-outputWrapper\">\n<div class=\"jp-Collapser jp-OutputCollapser jp-Cell-outputCollapser\"><\/div>\n<div class=\"jp-OutputArea jp-Cell-outputArea\">\n<div class=\"jp-OutputArea-child\">\n<div class=\"jp-OutputPrompt jp-OutputArea-prompt\">\n<div class=\"jp-RenderedText jp-OutputArea-output\" data-mime-type=\"text\/plain\">\n<pre>Tu edad es: 23 a\u00f1os\n<\/pre>\n<\/div>\n<\/div>\n<\/div>\n<\/div>\n<\/div>\n<div class=\"jp-Cell-inputWrapper\">\n<div class=\"jp-InputArea jp-Cell-inputArea\">\n<div class=\"jp-InputPrompt jp-InputArea-prompt\"><\/div>\n<div class=\"jp-RenderedHTMLCommon jp-RenderedMarkdown jp-MarkdownOutput \" data-mime-type=\"text\/markdown\">\n<p><strong>NOTA: CUANDO REALIZEMOS UN PROGRAMA DEBEMOS HACERLO DE LA MANERA M\u00c1S EFECTIVA, ES DECIR EN LA MENOR CANTIDAD DE L\u00cdNEAS DE C\u00d3DIGO Y QUE FUNCIONE DE MANERA \u00d3PTIMA.<\/strong><\/p>\n<\/div>\n<\/div>\n<\/div>\n<\/div>\n<\/div>\n<\/div>\n","protected":false},"excerpt":{"rendered":"<p>Resoluci\u00f3n del ejercicio 2 Para dar soluci\u00f3n a este ejercio debemos pensar en hacerlo paso&#8230;<\/p>\n","protected":false},"author":2,"featured_media":0,"parent":0,"menu_order":0,"comment_status":"closed","ping_status":"closed","template":"","meta":{"footnotes":""},"_links":{"self":[{"href":"https:\/\/bioeconomyinnovation.com\/index.php\/wp-json\/wp\/v2\/pages\/916"}],"collection":[{"href":"https:\/\/bioeconomyinnovation.com\/index.php\/wp-json\/wp\/v2\/pages"}],"about":[{"href":"https:\/\/bioeconomyinnovation.com\/index.php\/wp-json\/wp\/v2\/types\/page"}],"author":[{"embeddable":true,"href":"https:\/\/bioeconomyinnovation.com\/index.php\/wp-json\/wp\/v2\/users\/2"}],"replies":[{"embeddable":true,"href":"https:\/\/bioeconomyinnovation.com\/index.php\/wp-json\/wp\/v2\/comments?post=916"}],"version-history":[{"count":3,"href":"https:\/\/bioeconomyinnovation.com\/index.php\/wp-json\/wp\/v2\/pages\/916\/revisions"}],"predecessor-version":[{"id":1128,"href":"https:\/\/bioeconomyinnovation.com\/index.php\/wp-json\/wp\/v2\/pages\/916\/revisions\/1128"}],"wp:attachment":[{"href":"https:\/\/bioeconomyinnovation.com\/index.php\/wp-json\/wp\/v2\/media?parent=916"}],"curies":[{"name":"wp","href":"https:\/\/api.w.org\/{rel}","templated":true}]}}