{"id":938,"date":"2022-05-03T17:39:59","date_gmt":"2022-05-03T17:39:59","guid":{"rendered":"https:\/\/bioeconomyinnovation.com\/index.php\/ejerciciosd-de-la-clase-2\/"},"modified":"2022-05-04T16:47:34","modified_gmt":"2022-05-04T16:47:34","slug":"ejerciciosd-de-la-clase-2","status":"publish","type":"page","link":"https:\/\/bioeconomyinnovation.com\/index.php\/ejerciciosd-de-la-clase-2\/","title":{"rendered":"Ejercicios de la clase 2"},"content":{"rendered":"<div class=\"jp-Cell-inputWrapper\">\n<div class=\"jp-InputArea jp-Cell-inputArea\">\n<div class=\"jp-RenderedHTMLCommon jp-RenderedMarkdown jp-MarkdownOutput \" data-mime-type=\"text\/markdown\">\n<h1 id=\"Ejercicios-a-realizar-de-la-clase-2\">Ejercicios a realizar de la clase 2<\/h1>\n<ul>\n<li><strong>EJERCICIO 1<\/strong><\/li>\n<\/ul>\n<p>Realizar un programa, que te regrese el cambio despu\u00e9s de comprar un producto de 10 pesos, el programa debe poder recibir monedas de billetes de 10, 20, 50, 100 pesos. Y si pagas con el dinero insuficiente debes mandar un mensaje que falta dinero y est\u00e1 incompleto.<\/p>\n<\/div>\n<\/div>\n<\/div>\n<div class=\"jp-Cell-inputWrapper\">\n<div class=\"jp-InputArea jp-Cell-inputArea\">\n<div class=\"jp-InputPrompt jp-InputArea-prompt\"><\/div>\n<div class=\"jp-RenderedHTMLCommon jp-RenderedMarkdown jp-MarkdownOutput \" data-mime-type=\"text\/markdown\">\n<ul>\n<li><strong>EJERCICIO 2<\/strong><\/li>\n<\/ul>\n<p>Realizar un programa que nos permita calcular el \u00e1rea de un c\u00edrculo o un tri\u00e1gulo.<\/p>\n<p>El usuario debe de insertar los valores.<\/p>\n<p>Los pasos ser\u00eda los siguientes:<\/p>\n<ul>\n<li>Preguntar al usuario si requiere el c\u00e1lculo de un c\u00edrculo o un tri\u00e1ngulo<\/li>\n<li>Una vez seleccionada la figura deseada, el usuario debe de insertar los valores necesarios para el c\u00e1lculo<\/li>\n<li>Mostrar en pantalla el resultado<\/li>\n<\/ul>\n<\/div>\n<\/div>\n<\/div>\n","protected":false},"excerpt":{"rendered":"<p>Ejercicios a realizar de la clase 2 EJERCICIO 1 Realizar un programa, que te regrese&#8230;<\/p>\n","protected":false},"author":2,"featured_media":0,"parent":0,"menu_order":0,"comment_status":"closed","ping_status":"closed","template":"","meta":{"footnotes":""},"_links":{"self":[{"href":"https:\/\/bioeconomyinnovation.com\/index.php\/wp-json\/wp\/v2\/pages\/938"}],"collection":[{"href":"https:\/\/bioeconomyinnovation.com\/index.php\/wp-json\/wp\/v2\/pages"}],"about":[{"href":"https:\/\/bioeconomyinnovation.com\/index.php\/wp-json\/wp\/v2\/types\/page"}],"author":[{"embeddable":true,"href":"https:\/\/bioeconomyinnovation.com\/index.php\/wp-json\/wp\/v2\/users\/2"}],"replies":[{"embeddable":true,"href":"https:\/\/bioeconomyinnovation.com\/index.php\/wp-json\/wp\/v2\/comments?post=938"}],"version-history":[{"count":2,"href":"https:\/\/bioeconomyinnovation.com\/index.php\/wp-json\/wp\/v2\/pages\/938\/revisions"}],"predecessor-version":[{"id":948,"href":"https:\/\/bioeconomyinnovation.com\/index.php\/wp-json\/wp\/v2\/pages\/938\/revisions\/948"}],"wp:attachment":[{"href":"https:\/\/bioeconomyinnovation.com\/index.php\/wp-json\/wp\/v2\/media?parent=938"}],"curies":[{"name":"wp","href":"https:\/\/api.w.org\/{rel}","templated":true}]}}